{"id":1025,"date":"2023-11-17T20:16:09","date_gmt":"2023-11-17T19:16:09","guid":{"rendered":"https:\/\/abcortopedi.se\/?page_id=1025"},"modified":"2024-11-29T10:19:09","modified_gmt":"2024-11-29T09:19:09","slug":"tjanster","status":"publish","type":"page","link":"https:\/\/abcortopedi.se\/en\/tjanster\/","title":{"rendered":"Our services"},"content":{"rendered":"<div data-elementor-type=\"wp-page\" data-elementor-id=\"1025\" class=\"elementor elementor-1025\" data-elementor-post-type=\"page\">\n\t\t\t\t\t\t<section class=\"elementor-section elementor-top-section elementor-element elementor-element-7339f1f1 elementor-section-height-min-height elementor-section-items-stretch elementor-section-boxed elementor-section-height-default\" data-id=\"7339f1f1\" data-element_type=\"section\" data-e-type=\"section\">\n\t\t\t\t\t\t<div class=\"elementor-container elementor-column-gap-default\">\n\t\t\t\t\t<div class=\"elementor-column elementor-col-100 elementor-top-column elementor-element elementor-element-1f98ad90\" data-id=\"1f98ad90\" data-element_type=\"column\" data-e-type=\"column\" data-settings=\"{&quot;background_background&quot;:&quot;classic&quot;}\">\n\t\t\t<div class=\"elementor-widget-wrap elementor-element-populated\">\n\t\t\t\t\t\t<div class=\"elementor-element elementor-element-28e9dcce elementor-widget elementor-widget-heading\" data-id=\"28e9dcce\" data-element_type=\"widget\" data-e-type=\"widget\" data-widget_type=\"heading.default\">\n\t\t\t\t<div class=\"elementor-widget-container\">\n\t\t\t\t\t<h1 class=\"elementor-heading-title elementor-size-default\">Our services<\/h1>\t\t\t\t<\/div>\n\t\t\t\t<\/div>\n\t\t\t\t<div class=\"elementor-element elementor-element-7ecfdfd8 elementor-widget__width-initial elementor-widget-mobile__width-initial elementor-widget elementor-widget-text-editor\" data-id=\"7ecfdfd8\" data-element_type=\"widget\" data-e-type=\"widget\" data-widget_type=\"text-editor.default\">\n\t\t\t\t<div class=\"elementor-widget-container\">\n\t\t\t\t\t\t\t\t\t<p>ABC Orthopedi provides follow-up for fractures and other orthopedic conditions.<\/p>\t\t\t\t\t\t\t\t<\/div>\n\t\t\t\t<\/div>\n\t\t\t\t\t<\/div>\n\t\t<\/div>\n\t\t\t\t\t<\/div>\n\t\t<\/section>\n\t\t\t\t<section class=\"elementor-section elementor-top-section elementor-element elementor-element-29bcbbea elementor-section-boxed elementor-section-height-default elementor-section-height-default\" data-id=\"29bcbbea\" data-element_type=\"section\" data-e-type=\"section\">\n\t\t\t\t\t\t<div class=\"elementor-container elementor-column-gap-default\">\n\t\t\t\t\t<div class=\"elementor-column elementor-col-100 elementor-top-column elementor-element elementor-element-6da259ec\" data-id=\"6da259ec\" data-element_type=\"column\" data-e-type=\"column\">\n\t\t\t<div class=\"elementor-widget-wrap elementor-element-populated\">\n\t\t\t\t\t\t<section class=\"elementor-section elementor-inner-section elementor-element elementor-element-691d86b elementor-reverse-mobile elementor-section-content-middle elementor-section-boxed elementor-section-height-default elementor-section-height-default\" data-id=\"691d86b\" data-element_type=\"section\" data-e-type=\"section\">\n\t\t\t\t\t\t<div class=\"elementor-container elementor-column-gap-default\">\n\t\t\t\t\t<div class=\"elementor-column elementor-col-50 elementor-inner-column elementor-element elementor-element-47ecae3d\" data-id=\"47ecae3d\" data-element_type=\"column\" data-e-type=\"column\">\n\t\t\t<div class=\"elementor-widget-wrap elementor-element-populated\">\n\t\t\t\t\t\t<div class=\"elementor-element elementor-element-73acb50 elementor-widget__width-inherit elementor-widget-mobile__width-inherit elementor-widget elementor-widget-image\" data-id=\"73acb50\" data-element_type=\"widget\" data-e-type=\"widget\" data-widget_type=\"image.default\">\n\t\t\t\t<div class=\"elementor-widget-container\">\n\t\t\t\t\t\t\t\t\t\t\t\t\t\t\t<img fetchpriority=\"high\" decoding=\"async\" width=\"974\" height=\"974\" src=\"https:\/\/abcortopedi.se\/wp-content\/uploads\/2023\/11\/ABC-Ortopedi-Tjanster-Frakturuppfoljning@2x.webp\" class=\"attachment-full size-full wp-image-1151\" alt=\"Orthopedist examining a patient&#039;s forearm\" srcset=\"https:\/\/abcortopedi.se\/wp-content\/uploads\/2023\/11\/ABC-Ortopedi-Tjanster-Frakturuppfoljning@2x.webp 974w, https:\/\/abcortopedi.se\/wp-content\/uploads\/2023\/11\/ABC-Ortopedi-Tjanster-Frakturuppfoljning@2x-487x487.webp 487w, https:\/\/abcortopedi.se\/wp-content\/uploads\/2023\/11\/ABC-Ortopedi-Tjanster-Frakturuppfoljning@2x-150x150.webp 150w, https:\/\/abcortopedi.se\/wp-content\/uploads\/2023\/11\/ABC-Ortopedi-Tjanster-Frakturuppfoljning@2x-12x12.webp 12w\" sizes=\"(max-width: 974px) 100vw, 974px\" \/>\t\t\t\t\t\t\t\t\t\t\t\t\t\t\t<\/div>\n\t\t\t\t<\/div>\n\t\t\t\t\t<\/div>\n\t\t<\/div>\n\t\t\t\t<div class=\"elementor-column elementor-col-50 elementor-inner-column elementor-element elementor-element-5ea8e0ae\" data-id=\"5ea8e0ae\" data-element_type=\"column\" data-e-type=\"column\">\n\t\t\t<div class=\"elementor-widget-wrap elementor-element-populated\">\n\t\t\t\t\t\t<div class=\"elementor-element elementor-element-62a3f9b1 elementor-widget__width-inherit elementor-widget-mobile__width-inherit elementor-widget elementor-widget-heading\" data-id=\"62a3f9b1\" data-element_type=\"widget\" data-e-type=\"widget\" data-widget_type=\"heading.default\">\n\t\t\t\t<div class=\"elementor-widget-container\">\n\t\t\t\t\t<h2 class=\"elementor-heading-title elementor-size-default\">Fracture Follow-Up<\/h2>\t\t\t\t<\/div>\n\t\t\t\t<\/div>\n\t\t\t\t<div class=\"elementor-element elementor-element-5535c1a0 elementor-widget__width-inherit elementor-widget-mobile__width-inherit elementor-widget elementor-widget-text-editor\" data-id=\"5535c1a0\" data-element_type=\"widget\" data-e-type=\"widget\" data-widget_type=\"text-editor.default\">\n\t\t\t\t<div class=\"elementor-widget-container\">\n\t\t\t\t\t\t\t\t\t<p>After an initial assessment at the emergency clinic, urgent care, or a primary care center, a follow-up appointment at ABC Orthopedics is usually scheduled 1\u201310 days after the injury.<\/p><p>This follow-up is crucial to reassess the injury, ensure proper healing, and determine whether further measures\u2014such as additional imaging or surgery\u2014are required.<\/p><p>If urgent surgery is necessary, we ensure that you are promptly referred to the appropriate facility for treatment.<\/p>\t\t\t\t\t\t\t\t<\/div>\n\t\t\t\t<\/div>\n\t\t\t\t\t<\/div>\n\t\t<\/div>\n\t\t\t\t\t<\/div>\n\t\t<\/section>\n\t\t\t\t<section class=\"elementor-section elementor-inner-section elementor-element elementor-element-7153d8b9 elementor-section-content-middle elementor-section-boxed elementor-section-height-default elementor-section-height-default\" data-id=\"7153d8b9\" data-element_type=\"section\" data-e-type=\"section\">\n\t\t\t\t\t\t<div class=\"elementor-container elementor-column-gap-default\">\n\t\t\t\t\t<div class=\"elementor-column elementor-col-50 elementor-inner-column elementor-element elementor-element-4d752b64\" data-id=\"4d752b64\" data-element_type=\"column\" data-e-type=\"column\">\n\t\t\t<div class=\"elementor-widget-wrap elementor-element-populated\">\n\t\t\t\t\t\t<div class=\"elementor-element elementor-element-4ec23c42 elementor-widget__width-inherit elementor-widget-mobile__width-inherit elementor-widget elementor-widget-heading\" data-id=\"4ec23c42\" data-element_type=\"widget\" data-e-type=\"widget\" data-widget_type=\"heading.default\">\n\t\t\t\t<div class=\"elementor-widget-container\">\n\t\t\t\t\t<h2 class=\"elementor-heading-title elementor-size-default\">General Orthopedic Conditions<\/h2>\t\t\t\t<\/div>\n\t\t\t\t<\/div>\n\t\t\t\t<div class=\"elementor-element elementor-element-56325a00 elementor-widget__width-inherit elementor-widget-mobile__width-inherit elementor-widget elementor-widget-text-editor\" data-id=\"56325a00\" data-element_type=\"widget\" data-e-type=\"widget\" data-widget_type=\"text-editor.default\">\n\t\t\t\t<div class=\"elementor-widget-container\">\n\t\t\t\t\t\t\t\t\t<p>If you have been referred to us due to pain or other orthopedic conditions, our doctors will review your referral and contact you with further instructions.<\/p><p>In most cases, an in-person consultation is required to assess your condition. Together with your doctor, you will develop a treatment plan or determine if further investigations are needed.<\/p><p>Appointments for additional imaging\u2014such as X-rays or MRI scans\u2014will be arranged in collaboration with your doctor. If follow-up visits are necessary, they will be scheduled before you leave the clinic.<\/p>\t\t\t\t\t\t\t\t<\/div>\n\t\t\t\t<\/div>\n\t\t\t\t\t<\/div>\n\t\t<\/div>\n\t\t\t\t<div class=\"elementor-column elementor-col-50 elementor-inner-column elementor-element elementor-element-458f089\" data-id=\"458f089\" data-element_type=\"column\" data-e-type=\"column\">\n\t\t\t<div class=\"elementor-widget-wrap elementor-element-populated\">\n\t\t\t\t\t\t<div class=\"elementor-element elementor-element-6ea3195c elementor-widget__width-inherit elementor-widget-mobile__width-inherit elementor-widget elementor-widget-image\" data-id=\"6ea3195c\" data-element_type=\"widget\" data-e-type=\"widget\" data-widget_type=\"image.default\">\n\t\t\t\t<div class=\"elementor-widget-container\">\n\t\t\t\t\t\t\t\t\t\t\t\t\t\t\t<img decoding=\"async\" width=\"974\" height=\"974\" src=\"https:\/\/abcortopedi.se\/wp-content\/uploads\/2023\/11\/ABC-Ortopedi-Tjanster-Allmanortopediska_akommer@2x.webp\" class=\"attachment-full size-full wp-image-1150\" alt=\"Orthopedist examining a patient&#039;s hand\" srcset=\"https:\/\/abcortopedi.se\/wp-content\/uploads\/2023\/11\/ABC-Ortopedi-Tjanster-Allmanortopediska_akommer@2x.webp 974w, https:\/\/abcortopedi.se\/wp-content\/uploads\/2023\/11\/ABC-Ortopedi-Tjanster-Allmanortopediska_akommer@2x-487x487.webp 487w, https:\/\/abcortopedi.se\/wp-content\/uploads\/2023\/11\/ABC-Ortopedi-Tjanster-Allmanortopediska_akommer@2x-150x150.webp 150w, https:\/\/abcortopedi.se\/wp-content\/uploads\/2023\/11\/ABC-Ortopedi-Tjanster-Allmanortopediska_akommer@2x-12x12.webp 12w\" sizes=\"(max-width: 974px) 100vw, 974px\" \/>\t\t\t\t\t\t\t\t\t\t\t\t\t\t\t<\/div>\n\t\t\t\t<\/div>\n\t\t\t\t\t<\/div>\n\t\t<\/div>\n\t\t\t\t\t<\/div>\n\t\t<\/section>\n\t\t\t\t<section class=\"elementor-section elementor-inner-section elementor-element elementor-element-af3edde elementor-reverse-mobile elementor-section-content-middle elementor-section-boxed elementor-section-height-default elementor-section-height-default\" data-id=\"af3edde\" data-element_type=\"section\" data-e-type=\"section\">\n\t\t\t\t\t\t<div class=\"elementor-container elementor-column-gap-default\">\n\t\t\t\t\t<div class=\"elementor-column elementor-col-50 elementor-inner-column elementor-element elementor-element-75b0513\" data-id=\"75b0513\" data-element_type=\"column\" data-e-type=\"column\">\n\t\t\t<div class=\"elementor-widget-wrap elementor-element-populated\">\n\t\t\t\t\t\t<div class=\"elementor-element elementor-element-29841b1 elementor-widget__width-inherit elementor-widget-mobile__width-inherit elementor-widget elementor-widget-image\" data-id=\"29841b1\" data-element_type=\"widget\" data-e-type=\"widget\" data-widget_type=\"image.default\">\n\t\t\t\t<div class=\"elementor-widget-container\">\n\t\t\t\t\t\t\t\t\t\t\t\t\t\t\t<img decoding=\"async\" width=\"974\" height=\"974\" src=\"https:\/\/abcortopedi.se\/wp-content\/uploads\/2023\/11\/ABC-Ortopedi-Tjanster-Omhandertagande@2x.webp\" class=\"attachment-full size-full wp-image-1152\" alt=\"Orthopedist examining a patient&#039;s shoulder\" srcset=\"https:\/\/abcortopedi.se\/wp-content\/uploads\/2023\/11\/ABC-Ortopedi-Tjanster-Omhandertagande@2x.webp 974w, https:\/\/abcortopedi.se\/wp-content\/uploads\/2023\/11\/ABC-Ortopedi-Tjanster-Omhandertagande@2x-487x487.webp 487w, https:\/\/abcortopedi.se\/wp-content\/uploads\/2023\/11\/ABC-Ortopedi-Tjanster-Omhandertagande@2x-150x150.webp 150w, https:\/\/abcortopedi.se\/wp-content\/uploads\/2023\/11\/ABC-Ortopedi-Tjanster-Omhandertagande@2x-12x12.webp 12w\" sizes=\"(max-width: 974px) 100vw, 974px\" \/>\t\t\t\t\t\t\t\t\t\t\t\t\t\t\t<\/div>\n\t\t\t\t<\/div>\n\t\t\t\t\t<\/div>\n\t\t<\/div>\n\t\t\t\t<div class=\"elementor-column elementor-col-50 elementor-inner-column elementor-element elementor-element-554d583\" data-id=\"554d583\" data-element_type=\"column\" data-e-type=\"column\">\n\t\t\t<div class=\"elementor-widget-wrap elementor-element-populated\">\n\t\t\t\t\t\t<div class=\"elementor-element elementor-element-9d53a96 elementor-widget__width-inherit elementor-widget-mobile__width-inherit elementor-widget elementor-widget-heading\" data-id=\"9d53a96\" data-element_type=\"widget\" data-e-type=\"widget\" data-widget_type=\"heading.default\">\n\t\t\t\t<div class=\"elementor-widget-container\">\n\t\t\t\t\t<h2 class=\"elementor-heading-title elementor-size-default\">Patient Care\n\n<\/h2>\t\t\t\t<\/div>\n\t\t\t\t<\/div>\n\t\t\t\t<div class=\"elementor-element elementor-element-32e4dbd elementor-widget__width-inherit elementor-widget-mobile__width-inherit elementor-widget elementor-widget-text-editor\" data-id=\"32e4dbd\" data-element_type=\"widget\" data-e-type=\"widget\" data-widget_type=\"text-editor.default\">\n\t\t\t\t<div class=\"elementor-widget-container\">\n\t\t\t\t\t\t\t\t\t<p>Our orthopedic clinic offers high accessibility for both patients and referring physicians, ensuring a swift and accurate evaluation and treatment process.<\/p><p>Our team consists of experienced orthopedic specialists, cast technicians, assistant nurses, and other medical professionals with extensive expertise in orthopedic care.<\/p>\t\t\t\t\t\t\t\t<\/div>\n\t\t\t\t<\/div>\n\t\t\t\t\t<\/div>\n\t\t<\/div>\n\t\t\t\t\t<\/div>\n\t\t<\/section>\n\t\t\t\t<div class=\"elementor-element elementor-element-c4e85ac elementor-widget elementor-widget-template\" data-id=\"c4e85ac\" data-element_type=\"widget\" data-e-type=\"widget\" data-widget_type=\"template.default\">\n\t\t\t\t<div class=\"elementor-widget-container\">\n\t\t\t\t\t\t\t<div class=\"elementor-template\">\n\t\t\t\t\t<div data-elementor-type=\"section\" data-elementor-id=\"1537\" class=\"elementor elementor-1537\" data-elementor-post-type=\"elementor_library\">\n\t\t\t\t\t<section class=\"elementor-section elementor-inner-section elementor-element elementor-element-2e12d214 elementor-section-full_width elementor-section-content-middle elementor-section-height-default elementor-section-height-default\" data-id=\"2e12d214\" data-element_type=\"section\" data-e-type=\"section\">\n\t\t\t\t\t\t<div class=\"elementor-container elementor-column-gap-no\">\n\t\t\t\t\t<div class=\"elementor-column elementor-col-100 elementor-inner-column elementor-element elementor-element-6711b3af\" data-id=\"6711b3af\" data-element_type=\"column\" data-e-type=\"column\">\n\t\t\t<div class=\"elementor-widget-wrap elementor-element-populated\">\n\t\t\t\t\t\t<div class=\"elementor-element elementor-element-27000327 elementor-widget__width-auto elementor-widget-mobile__width-inherit elementor-widget elementor-widget-heading\" data-id=\"27000327\" data-element_type=\"widget\" data-e-type=\"widget\" data-widget_type=\"heading.default\">\n\t\t\t\t<div class=\"elementor-widget-container\">\n\t\t\t\t\t<span class=\"elementor-heading-title elementor-size-default\">Got a referral and <br>want to contact us?<\/span>\t\t\t\t<\/div>\n\t\t\t\t<\/div>\n\t\t\t\t<div class=\"elementor-element elementor-element-6f13415c elementor-widget__width-auto elementor-widget-mobile__width-inherit elementor-mobile-align-center elementor-widget elementor-widget-button\" data-id=\"6f13415c\" data-element_type=\"widget\" data-e-type=\"widget\" data-widget_type=\"button.default\">\n\t\t\t\t<div class=\"elementor-widget-container\">\n\t\t\t\t\t\t\t\t\t<div class=\"elementor-button-wrapper\">\n\t\t\t\t\t<a class=\"elementor-button elementor-button-link elementor-size-md\" href=\"https:\/\/abcortopedi.se\/en\/kontakt\/\">\n\t\t\t\t\t\t<span class=\"elementor-button-content-wrapper\">\n\t\t\t\t\t\t\t\t\t<span class=\"elementor-button-text\">Contact<\/span>\n\t\t\t\t\t<\/span>\n\t\t\t\t\t<\/a>\n\t\t\t\t<\/div>\n\t\t\t\t\t\t\t\t<\/div>\n\t\t\t\t<\/div>\n\t\t\t\t\t<\/div>\n\t\t<\/div>\n\t\t\t\t\t<\/div>\n\t\t<\/section>\n\t\t\t\t<\/div>\n\t\t\t\t<\/div>\n\t\t\t\t\t\t<\/div>\n\t\t\t\t<\/div>\n\t\t\t\t\t<\/div>\n\t\t<\/div>\n\t\t\t\t\t<\/div>\n\t\t<\/section>\n\t\t\t\t<\/div>","protected":false},"excerpt":{"rendered":"<p>V\u00e5ra tj\u00e4nster ABC Ortopedi t\u00e4cker allt fr\u00e5n noggrann frakturuppf\u00f6ljning till omh\u00e4ndertagande av ortopediska \u00e5kommor. Frakturuppf\u00f6ljning Efter bed\u00f6mning p\u00e5 akutmottagning, n\u00e4rakut eller v\u00e5rdcentral sker en uppf\u00f6ljning hos oss p\u00e5 ABC Ortopedi vanligen 1-10 dagar efter skadan. Detta f\u00f6r att g\u00f6ra en ny initial bed\u00f6mning och kontrollera s\u00e5 att den ortopediska skadan l\u00e4ker som sig b\u00f6r eller [&hellip;]<\/p>\n","protected":false},"author":1,"featured_media":0,"parent":0,"menu_order":0,"comment_status":"closed","ping_status":"closed","template":"","meta":{"_acf_changed":false,"_monsterinsights_skip_tracking":false,"_monsterinsights_sitenote_active":false,"_monsterinsights_sitenote_note":"","_monsterinsights_sitenote_category":0,"footnotes":""},"class_list":["post-1025","page","type-page","status-publish","hentry"],"acf":[],"yoast_head":"<!-- This site is optimized with the Yoast SEO plugin v27.3 - https:\/\/yoast.com\/product\/yoast-seo-wordpress\/ -->\n<title>V\u00e5ra tj\u00e4nster | ABC Ortopedi<\/title>\n<meta name=\"description\" content=\"ABC Ortopedi erbjuder en ortopedisk mottagning med h\u00f6g tillg\u00e4nglighet och snabbt omh\u00e4ndertagande av patienter och remittenter.\" \/>\n<meta name=\"robots\" content=\"index, follow, max-snippet:-1, max-image-preview:large, max-video-preview:-1\" \/>\n<link rel=\"canonical\" href=\"https:\/\/abcortopedi.se\/en\/tjanster\/\" \/>\n<meta property=\"og:locale\" content=\"en_US\" \/>\n<meta property=\"og:type\" content=\"article\" \/>\n<meta property=\"og:title\" content=\"V\u00e5ra tj\u00e4nster | ABC Ortopedi\" \/>\n<meta property=\"og:description\" content=\"ABC Ortopedi erbjuder en ortopedisk mottagning med h\u00f6g tillg\u00e4nglighet och snabbt omh\u00e4ndertagande av patienter och remittenter.\" \/>\n<meta property=\"og:url\" content=\"https:\/\/abcortopedi.se\/en\/tjanster\/\" \/>\n<meta property=\"og:site_name\" content=\"ABC Ortopedi\" \/>\n<meta property=\"article:modified_time\" content=\"2024-11-29T09:19:09+00:00\" \/>\n<meta property=\"og:image\" content=\"https:\/\/abcortopedi.se\/wp-content\/uploads\/2023\/11\/ABC-Ortopedi-Tjanster-Frakturuppfoljning@2x.webp\" \/>\n\t<meta property=\"og:image:width\" content=\"974\" \/>\n\t<meta property=\"og:image:height\" content=\"974\" \/>\n\t<meta property=\"og:image:type\" content=\"image\/webp\" \/>\n<meta name=\"twitter:card\" content=\"summary_large_image\" \/>\n<meta name=\"twitter:label1\" content=\"Est. reading time\" \/>\n\t<meta name=\"twitter:data1\" content=\"2 minutes\" \/>\n<script type=\"application\/ld+json\" class=\"yoast-schema-graph\">{\"@context\":\"https:\\\/\\\/schema.org\",\"@graph\":[{\"@type\":\"WebPage\",\"@id\":\"https:\\\/\\\/abcortopedi.se\\\/tjanster\\\/\",\"url\":\"https:\\\/\\\/abcortopedi.se\\\/tjanster\\\/\",\"name\":\"V\u00e5ra tj\u00e4nster | ABC Ortopedi\",\"isPartOf\":{\"@id\":\"https:\\\/\\\/abcortopedi.se\\\/#website\"},\"primaryImageOfPage\":{\"@id\":\"https:\\\/\\\/abcortopedi.se\\\/tjanster\\\/#primaryimage\"},\"image\":{\"@id\":\"https:\\\/\\\/abcortopedi.se\\\/tjanster\\\/#primaryimage\"},\"thumbnailUrl\":\"https:\\\/\\\/abcortopedi.se\\\/wp-content\\\/uploads\\\/2023\\\/11\\\/ABC-Ortopedi-Tjanster-Frakturuppfoljning@2x.webp\",\"datePublished\":\"2023-11-17T19:16:09+00:00\",\"dateModified\":\"2024-11-29T09:19:09+00:00\",\"description\":\"ABC Ortopedi erbjuder en ortopedisk mottagning med h\u00f6g tillg\u00e4nglighet och snabbt omh\u00e4ndertagande av patienter och remittenter.\",\"breadcrumb\":{\"@id\":\"https:\\\/\\\/abcortopedi.se\\\/tjanster\\\/#breadcrumb\"},\"inLanguage\":\"en-US\",\"potentialAction\":[{\"@type\":\"ReadAction\",\"target\":[\"https:\\\/\\\/abcortopedi.se\\\/tjanster\\\/\"]}]},{\"@type\":\"ImageObject\",\"inLanguage\":\"en-US\",\"@id\":\"https:\\\/\\\/abcortopedi.se\\\/tjanster\\\/#primaryimage\",\"url\":\"https:\\\/\\\/abcortopedi.se\\\/wp-content\\\/uploads\\\/2023\\\/11\\\/ABC-Ortopedi-Tjanster-Frakturuppfoljning@2x.webp\",\"contentUrl\":\"https:\\\/\\\/abcortopedi.se\\\/wp-content\\\/uploads\\\/2023\\\/11\\\/ABC-Ortopedi-Tjanster-Frakturuppfoljning@2x.webp\"},{\"@type\":\"BreadcrumbList\",\"@id\":\"https:\\\/\\\/abcortopedi.se\\\/tjanster\\\/#breadcrumb\",\"itemListElement\":[{\"@type\":\"ListItem\",\"position\":1,\"name\":\"Hem\",\"item\":\"https:\\\/\\\/abcortopedi.se\\\/\"},{\"@type\":\"ListItem\",\"position\":2,\"name\":\"V\u00e5ra tj\u00e4nster\"}]},{\"@type\":\"WebSite\",\"@id\":\"https:\\\/\\\/abcortopedi.se\\\/#website\",\"url\":\"https:\\\/\\\/abcortopedi.se\\\/\",\"name\":\"ABC Ortopedi\",\"description\":\"Snabb &amp; tillg\u00e4nglig ortopedi i STHLM\",\"publisher\":{\"@id\":\"https:\\\/\\\/abcortopedi.se\\\/#organization\"},\"potentialAction\":[{\"@type\":\"SearchAction\",\"target\":{\"@type\":\"EntryPoint\",\"urlTemplate\":\"https:\\\/\\\/abcortopedi.se\\\/?s={search_term_string}\"},\"query-input\":{\"@type\":\"PropertyValueSpecification\",\"valueRequired\":true,\"valueName\":\"search_term_string\"}}],\"inLanguage\":\"en-US\"},{\"@type\":\"Organization\",\"@id\":\"https:\\\/\\\/abcortopedi.se\\\/#organization\",\"name\":\"ABC Ortopedi\",\"url\":\"https:\\\/\\\/abcortopedi.se\\\/\",\"logo\":{\"@type\":\"ImageObject\",\"inLanguage\":\"en-US\",\"@id\":\"https:\\\/\\\/abcortopedi.se\\\/#\\\/schema\\\/logo\\\/image\\\/\",\"url\":\"https:\\\/\\\/ml8nxwckgrp1.i.optimole.com\\\/cb:HjJt.4f9db\\\/w:400\\\/h:70\\\/q:mauto\\\/ig:avif\\\/f:best\\\/https:\\\/\\\/abcortopedi.se\\\/wp-content\\\/uploads\\\/2022\\\/01\\\/ABC_Ortopedi_logo-Header.png\",\"contentUrl\":\"https:\\\/\\\/ml8nxwckgrp1.i.optimole.com\\\/cb:HjJt.4f9db\\\/w:400\\\/h:70\\\/q:mauto\\\/ig:avif\\\/f:best\\\/https:\\\/\\\/abcortopedi.se\\\/wp-content\\\/uploads\\\/2022\\\/01\\\/ABC_Ortopedi_logo-Header.png\",\"width\":400,\"height\":70,\"caption\":\"ABC Ortopedi\"},\"image\":{\"@id\":\"https:\\\/\\\/abcortopedi.se\\\/#\\\/schema\\\/logo\\\/image\\\/\"}}]}<\/script>\n<!-- \/ Yoast SEO plugin. -->","yoast_head_json":{"title":"V\u00e5ra tj\u00e4nster | ABC Ortopedi","description":"ABC Ortopedi erbjuder en ortopedisk mottagning med h\u00f6g tillg\u00e4nglighet och snabbt omh\u00e4ndertagande av patienter och remittenter.","robots":{"index":"index","follow":"follow","max-snippet":"max-snippet:-1","max-image-preview":"max-image-preview:large","max-video-preview":"max-video-preview:-1"},"canonical":"https:\/\/abcortopedi.se\/en\/tjanster\/","og_locale":"en_US","og_type":"article","og_title":"V\u00e5ra tj\u00e4nster | ABC Ortopedi","og_description":"ABC Ortopedi erbjuder en ortopedisk mottagning med h\u00f6g tillg\u00e4nglighet och snabbt omh\u00e4ndertagande av patienter och remittenter.","og_url":"https:\/\/abcortopedi.se\/en\/tjanster\/","og_site_name":"ABC Ortopedi","article_modified_time":"2024-11-29T09:19:09+00:00","og_image":[{"width":974,"height":974,"url":"https:\/\/abcortopedi.se\/wp-content\/uploads\/2023\/11\/ABC-Ortopedi-Tjanster-Frakturuppfoljning@2x.webp","type":"image\/webp"}],"twitter_card":"summary_large_image","twitter_misc":{"Est. reading time":"2 minutes"},"schema":{"@context":"https:\/\/schema.org","@graph":[{"@type":"WebPage","@id":"https:\/\/abcortopedi.se\/tjanster\/","url":"https:\/\/abcortopedi.se\/tjanster\/","name":"V\u00e5ra tj\u00e4nster | ABC Ortopedi","isPartOf":{"@id":"https:\/\/abcortopedi.se\/#website"},"primaryImageOfPage":{"@id":"https:\/\/abcortopedi.se\/tjanster\/#primaryimage"},"image":{"@id":"https:\/\/abcortopedi.se\/tjanster\/#primaryimage"},"thumbnailUrl":"https:\/\/abcortopedi.se\/wp-content\/uploads\/2023\/11\/ABC-Ortopedi-Tjanster-Frakturuppfoljning@2x.webp","datePublished":"2023-11-17T19:16:09+00:00","dateModified":"2024-11-29T09:19:09+00:00","description":"ABC Ortopedi erbjuder en ortopedisk mottagning med h\u00f6g tillg\u00e4nglighet och snabbt omh\u00e4ndertagande av patienter och remittenter.","breadcrumb":{"@id":"https:\/\/abcortopedi.se\/tjanster\/#breadcrumb"},"inLanguage":"en-US","potentialAction":[{"@type":"ReadAction","target":["https:\/\/abcortopedi.se\/tjanster\/"]}]},{"@type":"ImageObject","inLanguage":"en-US","@id":"https:\/\/abcortopedi.se\/tjanster\/#primaryimage","url":"https:\/\/abcortopedi.se\/wp-content\/uploads\/2023\/11\/ABC-Ortopedi-Tjanster-Frakturuppfoljning@2x.webp","contentUrl":"https:\/\/abcortopedi.se\/wp-content\/uploads\/2023\/11\/ABC-Ortopedi-Tjanster-Frakturuppfoljning@2x.webp"},{"@type":"BreadcrumbList","@id":"https:\/\/abcortopedi.se\/tjanster\/#breadcrumb","itemListElement":[{"@type":"ListItem","position":1,"name":"Hem","item":"https:\/\/abcortopedi.se\/"},{"@type":"ListItem","position":2,"name":"V\u00e5ra tj\u00e4nster"}]},{"@type":"WebSite","@id":"https:\/\/abcortopedi.se\/#website","url":"https:\/\/abcortopedi.se\/","name":"ABC Ortopedi","description":"Snabb &amp; tillg\u00e4nglig ortopedi i STHLM","publisher":{"@id":"https:\/\/abcortopedi.se\/#organization"},"potentialAction":[{"@type":"SearchAction","target":{"@type":"EntryPoint","urlTemplate":"https:\/\/abcortopedi.se\/?s={search_term_string}"},"query-input":{"@type":"PropertyValueSpecification","valueRequired":true,"valueName":"search_term_string"}}],"inLanguage":"en-US"},{"@type":"Organization","@id":"https:\/\/abcortopedi.se\/#organization","name":"ABC Ortopedi","url":"https:\/\/abcortopedi.se\/","logo":{"@type":"ImageObject","inLanguage":"en-US","@id":"https:\/\/abcortopedi.se\/#\/schema\/logo\/image\/","url":"https:\/\/ml8nxwckgrp1.i.optimole.com\/cb:HjJt.4f9db\/w:400\/h:70\/q:mauto\/ig:avif\/f:best\/https:\/\/abcortopedi.se\/wp-content\/uploads\/2022\/01\/ABC_Ortopedi_logo-Header.png","contentUrl":"https:\/\/ml8nxwckgrp1.i.optimole.com\/cb:HjJt.4f9db\/w:400\/h:70\/q:mauto\/ig:avif\/f:best\/https:\/\/abcortopedi.se\/wp-content\/uploads\/2022\/01\/ABC_Ortopedi_logo-Header.png","width":400,"height":70,"caption":"ABC Ortopedi"},"image":{"@id":"https:\/\/abcortopedi.se\/#\/schema\/logo\/image\/"}}]}},"_links":{"self":[{"href":"https:\/\/abcortopedi.se\/en\/wp-json\/wp\/v2\/pages\/1025","targetHints":{"allow":["GET"]}}],"collection":[{"href":"https:\/\/abcortopedi.se\/en\/wp-json\/wp\/v2\/pages"}],"about":[{"href":"https:\/\/abcortopedi.se\/en\/wp-json\/wp\/v2\/types\/page"}],"author":[{"embeddable":true,"href":"https:\/\/abcortopedi.se\/en\/wp-json\/wp\/v2\/users\/1"}],"replies":[{"embeddable":true,"href":"https:\/\/abcortopedi.se\/en\/wp-json\/wp\/v2\/comments?post=1025"}],"version-history":[{"count":0,"href":"https:\/\/abcortopedi.se\/en\/wp-json\/wp\/v2\/pages\/1025\/revisions"}],"wp:attachment":[{"href":"https:\/\/abcortopedi.se\/en\/wp-json\/wp\/v2\/media?parent=1025"}],"curies":[{"name":"wp","href":"https:\/\/api.w.org\/{rel}","templated":true}]}}