{"id":1045,"date":"2023-11-17T21:39:07","date_gmt":"2023-11-17T20:39:07","guid":{"rendered":"https:\/\/abcortopedi.se\/?page_id=1045"},"modified":"2025-10-07T18:27:51","modified_gmt":"2025-10-07T16:27:51","slug":"abc","status":"publish","type":"page","link":"https:\/\/abcortopedi.se\/en\/abc\/","title":{"rendered":"ABC Ortopedi"},"content":{"rendered":"<div data-elementor-type=\"wp-page\" data-elementor-id=\"1045\" class=\"elementor elementor-1045\" data-elementor-post-type=\"page\">\n\t\t\t\t\t\t<section class=\"elementor-section elementor-top-section elementor-element elementor-element-5b527300 elementor-section-height-min-height elementor-section-items-stretch elementor-section-boxed elementor-section-height-default\" data-id=\"5b527300\" data-element_type=\"section\" data-e-type=\"section\">\n\t\t\t\t\t\t<div class=\"elementor-container elementor-column-gap-default\">\n\t\t\t\t\t<div class=\"elementor-column elementor-col-100 elementor-top-column elementor-element elementor-element-33614d0\" data-id=\"33614d0\" data-element_type=\"column\" data-e-type=\"column\" data-settings=\"{&quot;background_background&quot;:&quot;classic&quot;}\">\n\t\t\t<div class=\"elementor-widget-wrap elementor-element-populated\">\n\t\t\t\t\t\t<div class=\"elementor-element elementor-element-1ef90e79 elementor-widget elementor-widget-heading\" data-id=\"1ef90e79\" data-element_type=\"widget\" data-e-type=\"widget\" data-widget_type=\"heading.default\">\n\t\t\t\t<div class=\"elementor-widget-container\">\n\t\t\t\t\t<h1 class=\"elementor-heading-title elementor-size-default\">ABC Ortopedi<\/h1>\t\t\t\t<\/div>\n\t\t\t\t<\/div>\n\t\t\t\t<div class=\"elementor-element elementor-element-5460ee37 elementor-widget__width-initial elementor-widget-mobile__width-initial elementor-widget elementor-widget-text-editor\" data-id=\"5460ee37\" data-element_type=\"widget\" data-e-type=\"widget\" data-widget_type=\"text-editor.default\">\n\t\t\t\t<div class=\"elementor-widget-container\">\n\t\t\t\t\t\t\t\t\t<p>We offer expert assessments of orthopedic injuries and collaborate with physiotherapists in Stockholm for optimal rehabilitation.<\/p>\t\t\t\t\t\t\t\t<\/div>\n\t\t\t\t<\/div>\n\t\t\t\t\t<\/div>\n\t\t<\/div>\n\t\t\t\t\t<\/div>\n\t\t<\/section>\n\t\t\t\t<section class=\"elementor-section elementor-top-section elementor-element elementor-element-7aac8765 elementor-section-boxed elementor-section-height-default elementor-section-height-default\" data-id=\"7aac8765\" data-element_type=\"section\" data-e-type=\"section\">\n\t\t\t\t\t\t<div class=\"elementor-container elementor-column-gap-default\">\n\t\t\t\t\t<div class=\"elementor-column elementor-col-100 elementor-top-column elementor-element elementor-element-6b07d686\" data-id=\"6b07d686\" data-element_type=\"column\" data-e-type=\"column\">\n\t\t\t<div class=\"elementor-widget-wrap elementor-element-populated\">\n\t\t\t\t\t\t<div class=\"elementor-element elementor-element-140168d elementor-widget__width-initial elementor-widget-mobile__width-inherit elementor-widget-mobile_extra__width-initial elementor-widget elementor-widget-text-editor\" data-id=\"140168d\" data-element_type=\"widget\" data-e-type=\"widget\" data-widget_type=\"text-editor.default\">\n\t\t\t\t<div class=\"elementor-widget-container\">\n\t\t\t\t\t\t\t\t\t<p>ABC Ortopedi is an orthopedic clinic specializing in the assessment of orthopedic injuries such as fractures and movement disorders. We have an agreement with Region Stockholm under the healthcare choice system for orthopedics. The clinic opened in April 2020 and now handles around 4,000 patient visits per month. Since its inception, we have carried out more than 140,000 patient visits.\u00a0<\/p><p>We provide tailored solutions for all muscle, bone, and joint injuries. After the initial treatment, we collaborate with physiotherapists and occupational therapists across Stockholm to optimise rehabilitation.<\/p>\t\t\t\t\t\t\t\t<\/div>\n\t\t\t\t<\/div>\n\t\t\t\t<div class=\"elementor-element elementor-element-59b35d2 elementor-widget-divider--view-line elementor-widget elementor-widget-divider\" data-id=\"59b35d2\" data-element_type=\"widget\" data-e-type=\"widget\" data-widget_type=\"divider.default\">\n\t\t\t\t<div class=\"elementor-widget-container\">\n\t\t\t\t\t\t\t<div class=\"elementor-divider\">\n\t\t\t<span class=\"elementor-divider-separator\">\n\t\t\t\t\t\t<\/span>\n\t\t<\/div>\n\t\t\t\t\t\t<\/div>\n\t\t\t\t<\/div>\n\t\t\t\t<div class=\"elementor-element elementor-element-20491e0 elementor-widget elementor-widget-heading\" data-id=\"20491e0\" data-element_type=\"widget\" data-e-type=\"widget\" id=\"ditt-besok\" data-widget_type=\"heading.default\">\n\t\t\t\t<div class=\"elementor-widget-container\">\n\t\t\t\t\t<h2 class=\"elementor-heading-title elementor-size-default\">Management<\/h2>\t\t\t\t<\/div>\n\t\t\t\t<\/div>\n\t\t\t\t<section class=\"elementor-section elementor-inner-section elementor-element elementor-element-97e4821 elementor-section-boxed elementor-section-height-default elementor-section-height-default\" data-id=\"97e4821\" data-element_type=\"section\" data-e-type=\"section\">\n\t\t\t\t\t\t<div class=\"elementor-container elementor-column-gap-default\">\n\t\t\t\t\t<div class=\"elementor-column elementor-col-50 elementor-inner-column elementor-element elementor-element-3ce7a11\" data-id=\"3ce7a11\" data-element_type=\"column\" data-e-type=\"column\">\n\t\t\t<div class=\"elementor-widget-wrap elementor-element-populated\">\n\t\t\t\t\t\t<div class=\"elementor-element elementor-element-9689434 elementor-widget elementor-widget-image\" data-id=\"9689434\" data-element_type=\"widget\" data-e-type=\"widget\" data-widget_type=\"image.default\">\n\t\t\t\t<div class=\"elementor-widget-container\">\n\t\t\t\t\t\t\t\t\t\t\t\t\t\t\t<img fetchpriority=\"high\" decoding=\"async\" width=\"724\" height=\"724\" src=\"https:\/\/abcortopedi.se\/wp-content\/uploads\/2023\/11\/ABC-Ortopedi-Portrait-Lukas-Gron-COMP@2x.webp\" class=\"attachment-full size-full wp-image-1530\" alt=\"Image of Lukas Berglund\" srcset=\"https:\/\/abcortopedi.se\/wp-content\/uploads\/2023\/11\/ABC-Ortopedi-Portrait-Lukas-Gron-COMP@2x.webp 724w, https:\/\/abcortopedi.se\/wp-content\/uploads\/2023\/11\/ABC-Ortopedi-Portrait-Lukas-Gron-COMP@2x-487x487.webp 487w, https:\/\/abcortopedi.se\/wp-content\/uploads\/2023\/11\/ABC-Ortopedi-Portrait-Lukas-Gron-COMP@2x-150x150.webp 150w, https:\/\/abcortopedi.se\/wp-content\/uploads\/2023\/11\/ABC-Ortopedi-Portrait-Lukas-Gron-COMP@2x-12x12.webp 12w\" sizes=\"(max-width: 724px) 100vw, 724px\" \/>\t\t\t\t\t\t\t\t\t\t\t\t\t\t\t<\/div>\n\t\t\t\t<\/div>\n\t\t\t\t<div class=\"elementor-element elementor-element-e6d7d5e elementor-widget-mobile__width-inherit elementor-widget elementor-widget-text-editor\" data-id=\"e6d7d5e\" data-element_type=\"widget\" data-e-type=\"widget\" data-widget_type=\"text-editor.default\">\n\t\t\t\t<div class=\"elementor-widget-container\">\n\t\t\t\t\t\t\t\t\t<p>Lukas Berglund\u2028<br \/>Medical Director \u2013 Adult Fractures<\/p><p>Specialist in orthopedics, trained at Karolinska Institutet, with previous experience at Karolinska University Hospital. Has extensive expertise in sports injuries, previously serving as the team doctor for Sweden\u2019s national handball team and as a physician at the 2016 Rio Olympics.<\/p>\t\t\t\t\t\t\t\t<\/div>\n\t\t\t\t<\/div>\n\t\t\t\t\t<\/div>\n\t\t<\/div>\n\t\t\t\t<div class=\"elementor-column elementor-col-50 elementor-inner-column elementor-element elementor-element-d1b3232\" data-id=\"d1b3232\" data-element_type=\"column\" data-e-type=\"column\">\n\t\t\t<div class=\"elementor-widget-wrap elementor-element-populated\">\n\t\t\t\t\t\t<div class=\"elementor-element elementor-element-e973beb elementor-widget elementor-widget-image\" data-id=\"e973beb\" data-element_type=\"widget\" data-e-type=\"widget\" data-widget_type=\"image.default\">\n\t\t\t\t<div class=\"elementor-widget-container\">\n\t\t\t\t\t\t\t\t\t\t\t\t\t\t\t<img decoding=\"async\" width=\"724\" height=\"724\" src=\"https:\/\/abcortopedi.se\/wp-content\/uploads\/2023\/11\/ABC-Ortopedi-Portrait-Nikolaos-Gron-COMP@2x.webp\" class=\"attachment-full size-full wp-image-1529\" alt=\"Image of Nikos Kiapekos\" srcset=\"https:\/\/abcortopedi.se\/wp-content\/uploads\/2023\/11\/ABC-Ortopedi-Portrait-Nikolaos-Gron-COMP@2x.webp 724w, https:\/\/abcortopedi.se\/wp-content\/uploads\/2023\/11\/ABC-Ortopedi-Portrait-Nikolaos-Gron-COMP@2x-487x487.webp 487w, https:\/\/abcortopedi.se\/wp-content\/uploads\/2023\/11\/ABC-Ortopedi-Portrait-Nikolaos-Gron-COMP@2x-150x150.webp 150w, https:\/\/abcortopedi.se\/wp-content\/uploads\/2023\/11\/ABC-Ortopedi-Portrait-Nikolaos-Gron-COMP@2x-12x12.webp 12w\" sizes=\"(max-width: 724px) 100vw, 724px\" \/>\t\t\t\t\t\t\t\t\t\t\t\t\t\t\t<\/div>\n\t\t\t\t<\/div>\n\t\t\t\t<div class=\"elementor-element elementor-element-8fa8424 elementor-widget-mobile__width-inherit elementor-widget elementor-widget-text-editor\" data-id=\"8fa8424\" data-element_type=\"widget\" data-e-type=\"widget\" data-widget_type=\"text-editor.default\">\n\t\t\t\t<div class=\"elementor-widget-container\">\n\t\t\t\t\t\t\t\t\t<p>Nikolaos Kiapekos<br \/>Medical Director \u2013 Pediatric Fractures<\/p><p>Associate chief physician in pediatric orthopedics and PhD candidate at Karolinska Institutet. Has worked at the pediatric orthopedic clinic at Astrid Lindgren\u2019s Children\u2019s Hospital and New Karolinska Solna, with expertise in congenital and acquired deformities in children.<\/p>\t\t\t\t\t\t\t\t<\/div>\n\t\t\t\t<\/div>\n\t\t\t\t\t<\/div>\n\t\t<\/div>\n\t\t\t\t\t<\/div>\n\t\t<\/section>\n\t\t\t\t<section class=\"elementor-section elementor-inner-section elementor-element elementor-element-68b3d92 elementor-section-boxed elementor-section-height-default elementor-section-height-default\" data-id=\"68b3d92\" data-element_type=\"section\" data-e-type=\"section\">\n\t\t\t\t\t\t<div class=\"elementor-container elementor-column-gap-default\">\n\t\t\t\t\t<div class=\"elementor-column elementor-col-50 elementor-inner-column elementor-element elementor-element-49a1df4\" data-id=\"49a1df4\" data-element_type=\"column\" data-e-type=\"column\">\n\t\t\t<div class=\"elementor-widget-wrap elementor-element-populated\">\n\t\t\t\t\t\t<div class=\"elementor-element elementor-element-cdc5df6 elementor-widget elementor-widget-image\" data-id=\"cdc5df6\" data-element_type=\"widget\" data-e-type=\"widget\" data-widget_type=\"image.default\">\n\t\t\t\t<div class=\"elementor-widget-container\">\n\t\t\t\t\t\t\t\t\t\t\t\t\t\t\t<img decoding=\"async\" width=\"724\" height=\"724\" src=\"https:\/\/abcortopedi.se\/wp-content\/uploads\/2023\/11\/ABC-Ortopedi-Portrait-Fredrik-COMP@2x.webp\" class=\"attachment-full size-full wp-image-1532\" alt=\"Image of Fredrik Swedin\" srcset=\"https:\/\/abcortopedi.se\/wp-content\/uploads\/2023\/11\/ABC-Ortopedi-Portrait-Fredrik-COMP@2x.webp 724w, https:\/\/abcortopedi.se\/wp-content\/uploads\/2023\/11\/ABC-Ortopedi-Portrait-Fredrik-COMP@2x-487x487.webp 487w, https:\/\/abcortopedi.se\/wp-content\/uploads\/2023\/11\/ABC-Ortopedi-Portrait-Fredrik-COMP@2x-150x150.webp 150w, https:\/\/abcortopedi.se\/wp-content\/uploads\/2023\/11\/ABC-Ortopedi-Portrait-Fredrik-COMP@2x-12x12.webp 12w\" sizes=\"(max-width: 724px) 100vw, 724px\" \/>\t\t\t\t\t\t\t\t\t\t\t\t\t\t\t<\/div>\n\t\t\t\t<\/div>\n\t\t\t\t<div class=\"elementor-element elementor-element-84d7f04 elementor-widget-mobile__width-inherit elementor-widget elementor-widget-text-editor\" data-id=\"84d7f04\" data-element_type=\"widget\" data-e-type=\"widget\" data-widget_type=\"text-editor.default\">\n\t\t\t\t<div class=\"elementor-widget-container\">\n\t\t\t\t\t\t\t\t\t<p>Fredrik Swedin<br \/>Chairman of the Board<\/p><p>Lawyer and economist, educated at Stockholm University. Former COO and CFO at Bounce-Group, Elk-Group, and Magnolia Bostad, with additional financial leadership roles at Investor AB.<\/p>\t\t\t\t\t\t\t\t<\/div>\n\t\t\t\t<\/div>\n\t\t\t\t\t<\/div>\n\t\t<\/div>\n\t\t\t\t<div class=\"elementor-column elementor-col-50 elementor-inner-column elementor-element elementor-element-f10275a\" data-id=\"f10275a\" data-element_type=\"column\" data-e-type=\"column\">\n\t\t\t<div class=\"elementor-widget-wrap elementor-element-populated\">\n\t\t\t\t\t\t<div class=\"elementor-element elementor-element-8b07b42 elementor-widget elementor-widget-image\" data-id=\"8b07b42\" data-element_type=\"widget\" data-e-type=\"widget\" data-widget_type=\"image.default\">\n\t\t\t\t<div class=\"elementor-widget-container\">\n\t\t\t\t\t\t\t\t\t\t\t\t\t\t\t<img loading=\"lazy\" decoding=\"async\" width=\"724\" height=\"724\" src=\"https:\/\/abcortopedi.se\/wp-content\/uploads\/2025\/03\/1-ABC_Operation-Portrait-Susanne-COMP.webp\" class=\"attachment-full size-full wp-image-2448\" alt=\"Image of Susanne Sj\u00f6qvist\" srcset=\"https:\/\/abcortopedi.se\/wp-content\/uploads\/2025\/03\/1-ABC_Operation-Portrait-Susanne-COMP.webp 724w, https:\/\/abcortopedi.se\/wp-content\/uploads\/2025\/03\/1-ABC_Operation-Portrait-Susanne-COMP-487x487.webp 487w, https:\/\/abcortopedi.se\/wp-content\/uploads\/2025\/03\/1-ABC_Operation-Portrait-Susanne-COMP-150x150.webp 150w, https:\/\/abcortopedi.se\/wp-content\/uploads\/2025\/03\/1-ABC_Operation-Portrait-Susanne-COMP-700x700.webp 700w\" sizes=\"(max-width: 724px) 100vw, 724px\" \/>\t\t\t\t\t\t\t\t\t\t\t\t\t\t\t<\/div>\n\t\t\t\t<\/div>\n\t\t\t\t<div class=\"elementor-element elementor-element-f627a2a elementor-widget-mobile__width-inherit elementor-widget elementor-widget-text-editor\" data-id=\"f627a2a\" data-element_type=\"widget\" data-e-type=\"widget\" data-widget_type=\"text-editor.default\">\n\t\t\t\t<div class=\"elementor-widget-container\">\n\t\t\t\t\t\t\t\t\t<p>Susanne Sj\u00f6qvist<br \/>Operations Manager<\/p><p>Has worked for 25 years in Region Stockholm, primarily as a coordinator in primary care, including home healthcare, asylum health services, and laboratory operations.<\/p>\t\t\t\t\t\t\t\t<\/div>\n\t\t\t\t<\/div>\n\t\t\t\t\t<\/div>\n\t\t<\/div>\n\t\t\t\t\t<\/div>\n\t\t<\/section>\n\t\t\t\t<div class=\"elementor-element elementor-element-72c9ee0 elementor-widget elementor-widget-template\" data-id=\"72c9ee0\" data-element_type=\"widget\" data-e-type=\"widget\" data-widget_type=\"template.default\">\n\t\t\t\t<div class=\"elementor-widget-container\">\n\t\t\t\t\t\t\t<div class=\"elementor-template\">\n\t\t\t\t\t<div data-elementor-type=\"section\" data-elementor-id=\"1537\" class=\"elementor elementor-1537\" data-elementor-post-type=\"elementor_library\">\n\t\t\t\t\t<section class=\"elementor-section elementor-inner-section elementor-element elementor-element-2e12d214 elementor-section-full_width elementor-section-content-middle elementor-section-height-default elementor-section-height-default\" data-id=\"2e12d214\" data-element_type=\"section\" data-e-type=\"section\">\n\t\t\t\t\t\t<div class=\"elementor-container elementor-column-gap-no\">\n\t\t\t\t\t<div class=\"elementor-column elementor-col-100 elementor-inner-column elementor-element elementor-element-6711b3af\" data-id=\"6711b3af\" data-element_type=\"column\" data-e-type=\"column\">\n\t\t\t<div class=\"elementor-widget-wrap elementor-element-populated\">\n\t\t\t\t\t\t<div class=\"elementor-element elementor-element-27000327 elementor-widget__width-auto elementor-widget-mobile__width-inherit elementor-widget elementor-widget-heading\" data-id=\"27000327\" data-element_type=\"widget\" data-e-type=\"widget\" data-widget_type=\"heading.default\">\n\t\t\t\t<div class=\"elementor-widget-container\">\n\t\t\t\t\t<span class=\"elementor-heading-title elementor-size-default\">Got a referral and <br>want to contact us?<\/span>\t\t\t\t<\/div>\n\t\t\t\t<\/div>\n\t\t\t\t<div class=\"elementor-element elementor-element-6f13415c elementor-widget__width-auto elementor-widget-mobile__width-inherit elementor-mobile-align-center elementor-widget elementor-widget-button\" data-id=\"6f13415c\" data-element_type=\"widget\" data-e-type=\"widget\" data-widget_type=\"button.default\">\n\t\t\t\t<div class=\"elementor-widget-container\">\n\t\t\t\t\t\t\t\t\t<div class=\"elementor-button-wrapper\">\n\t\t\t\t\t<a class=\"elementor-button elementor-button-link elementor-size-md\" href=\"https:\/\/abcortopedi.se\/en\/kontakt\/\">\n\t\t\t\t\t\t<span class=\"elementor-button-content-wrapper\">\n\t\t\t\t\t\t\t\t\t<span class=\"elementor-button-text\">Contact<\/span>\n\t\t\t\t\t<\/span>\n\t\t\t\t\t<\/a>\n\t\t\t\t<\/div>\n\t\t\t\t\t\t\t\t<\/div>\n\t\t\t\t<\/div>\n\t\t\t\t\t<\/div>\n\t\t<\/div>\n\t\t\t\t\t<\/div>\n\t\t<\/section>\n\t\t\t\t<\/div>\n\t\t\t\t<\/div>\n\t\t\t\t\t\t<\/div>\n\t\t\t\t<\/div>\n\t\t\t\t\t<\/div>\n\t\t<\/div>\n\t\t\t\t\t<\/div>\n\t\t<\/section>\n\t\t\t\t<\/div>","protected":false},"excerpt":{"rendered":"<p>ABC Ortopedi Vi erbjuder expertbed\u00f6mning av ortopediska skador och samarbetar med Stockholms fysioterapeuter f\u00f6r optimal rehabilitering. ABC Ortopedi \u00e4r en ortopedmottagning som specialiserar sig p\u00e5 att utv\u00e4rdera ortopediska skador som frakturer och r\u00f6relsebesv\u00e4r. Vi har avtal med Region Stockholm inom v\u00e5rdval ortopedi. Mottagningen startade i april 2020 och hanterar idag ca 4 000 patientbes\u00f6k per [&hellip;]<\/p>\n","protected":false},"author":1,"featured_media":0,"parent":0,"menu_order":0,"comment_status":"closed","ping_status":"closed","template":"elementor_header_footer","meta":{"_acf_changed":false,"_monsterinsights_skip_tracking":false,"_monsterinsights_sitenote_active":false,"_monsterinsights_sitenote_note":"","_monsterinsights_sitenote_category":0,"footnotes":""},"class_list":["post-1045","page","type-page","status-publish","hentry"],"acf":[],"yoast_head":"<!-- This site is optimized with the Yoast SEO plugin v27.3 - https:\/\/yoast.com\/product\/yoast-seo-wordpress\/ -->\n<title>ABC Ortopedi | ABC Ortopedi<\/title>\n<meta name=\"description\" content=\"ABC Ortopedi erbjuder en ortopedisk mottagning med h\u00f6g tillg\u00e4nglighet och snabbt omh\u00e4ndertagande av patienter och remittenter.\" \/>\n<meta name=\"robots\" content=\"index, follow, max-snippet:-1, max-image-preview:large, max-video-preview:-1\" \/>\n<link rel=\"canonical\" href=\"https:\/\/abcortopedi.se\/en\/abc\/\" \/>\n<meta property=\"og:locale\" content=\"en_US\" \/>\n<meta property=\"og:type\" content=\"article\" \/>\n<meta property=\"og:title\" content=\"ABC Ortopedi | ABC Ortopedi\" \/>\n<meta property=\"og:description\" content=\"ABC Ortopedi erbjuder en ortopedisk mottagning med h\u00f6g tillg\u00e4nglighet och snabbt omh\u00e4ndertagande av patienter och remittenter.\" \/>\n<meta property=\"og:url\" content=\"https:\/\/abcortopedi.se\/en\/abc\/\" \/>\n<meta property=\"og:site_name\" content=\"ABC Ortopedi\" \/>\n<meta property=\"article:modified_time\" content=\"2025-10-07T16:27:51+00:00\" \/>\n<meta property=\"og:image\" content=\"https:\/\/abcortopedi.se\/wp-content\/uploads\/2023\/11\/ABC-Ortopedi-Portrait-Lukas-Gron-COMP@2x.webp\" \/>\n\t<meta property=\"og:image:width\" content=\"724\" \/>\n\t<meta property=\"og:image:height\" content=\"724\" \/>\n\t<meta property=\"og:image:type\" content=\"image\/webp\" \/>\n<meta name=\"twitter:card\" content=\"summary_large_image\" \/>\n<meta name=\"twitter:label1\" content=\"Est. reading time\" \/>\n\t<meta name=\"twitter:data1\" content=\"2 minutes\" \/>\n<script type=\"application\/ld+json\" class=\"yoast-schema-graph\">{\"@context\":\"https:\\\/\\\/schema.org\",\"@graph\":[{\"@type\":\"WebPage\",\"@id\":\"https:\\\/\\\/abcortopedi.se\\\/abc\\\/\",\"url\":\"https:\\\/\\\/abcortopedi.se\\\/abc\\\/\",\"name\":\"ABC Ortopedi | ABC Ortopedi\",\"isPartOf\":{\"@id\":\"https:\\\/\\\/abcortopedi.se\\\/#website\"},\"primaryImageOfPage\":{\"@id\":\"https:\\\/\\\/abcortopedi.se\\\/abc\\\/#primaryimage\"},\"image\":{\"@id\":\"https:\\\/\\\/abcortopedi.se\\\/abc\\\/#primaryimage\"},\"thumbnailUrl\":\"https:\\\/\\\/abcortopedi.se\\\/wp-content\\\/uploads\\\/2023\\\/11\\\/ABC-Ortopedi-Portrait-Lukas-Gron-COMP@2x.webp\",\"datePublished\":\"2023-11-17T20:39:07+00:00\",\"dateModified\":\"2025-10-07T16:27:51+00:00\",\"description\":\"ABC Ortopedi erbjuder en ortopedisk mottagning med h\u00f6g tillg\u00e4nglighet och snabbt omh\u00e4ndertagande av patienter och remittenter.\",\"breadcrumb\":{\"@id\":\"https:\\\/\\\/abcortopedi.se\\\/abc\\\/#breadcrumb\"},\"inLanguage\":\"en-US\",\"potentialAction\":[{\"@type\":\"ReadAction\",\"target\":[\"https:\\\/\\\/abcortopedi.se\\\/abc\\\/\"]}]},{\"@type\":\"ImageObject\",\"inLanguage\":\"en-US\",\"@id\":\"https:\\\/\\\/abcortopedi.se\\\/abc\\\/#primaryimage\",\"url\":\"https:\\\/\\\/abcortopedi.se\\\/wp-content\\\/uploads\\\/2023\\\/11\\\/ABC-Ortopedi-Portrait-Lukas-Gron-COMP@2x.webp\",\"contentUrl\":\"https:\\\/\\\/abcortopedi.se\\\/wp-content\\\/uploads\\\/2023\\\/11\\\/ABC-Ortopedi-Portrait-Lukas-Gron-COMP@2x.webp\"},{\"@type\":\"BreadcrumbList\",\"@id\":\"https:\\\/\\\/abcortopedi.se\\\/abc\\\/#breadcrumb\",\"itemListElement\":[{\"@type\":\"ListItem\",\"position\":1,\"name\":\"Hem\",\"item\":\"https:\\\/\\\/abcortopedi.se\\\/\"},{\"@type\":\"ListItem\",\"position\":2,\"name\":\"ABC Ortopedi\"}]},{\"@type\":\"WebSite\",\"@id\":\"https:\\\/\\\/abcortopedi.se\\\/#website\",\"url\":\"https:\\\/\\\/abcortopedi.se\\\/\",\"name\":\"ABC Ortopedi\",\"description\":\"Snabb &amp; tillg\u00e4nglig ortopedi i STHLM\",\"publisher\":{\"@id\":\"https:\\\/\\\/abcortopedi.se\\\/#organization\"},\"potentialAction\":[{\"@type\":\"SearchAction\",\"target\":{\"@type\":\"EntryPoint\",\"urlTemplate\":\"https:\\\/\\\/abcortopedi.se\\\/?s={search_term_string}\"},\"query-input\":{\"@type\":\"PropertyValueSpecification\",\"valueRequired\":true,\"valueName\":\"search_term_string\"}}],\"inLanguage\":\"en-US\"},{\"@type\":\"Organization\",\"@id\":\"https:\\\/\\\/abcortopedi.se\\\/#organization\",\"name\":\"ABC Ortopedi\",\"url\":\"https:\\\/\\\/abcortopedi.se\\\/\",\"logo\":{\"@type\":\"ImageObject\",\"inLanguage\":\"en-US\",\"@id\":\"https:\\\/\\\/abcortopedi.se\\\/#\\\/schema\\\/logo\\\/image\\\/\",\"url\":\"https:\\\/\\\/ml8nxwckgrp1.i.optimole.com\\\/cb:HjJt.4f9db\\\/w:400\\\/h:70\\\/q:mauto\\\/ig:avif\\\/f:best\\\/https:\\\/\\\/abcortopedi.se\\\/wp-content\\\/uploads\\\/2022\\\/01\\\/ABC_Ortopedi_logo-Header.png\",\"contentUrl\":\"https:\\\/\\\/ml8nxwckgrp1.i.optimole.com\\\/cb:HjJt.4f9db\\\/w:400\\\/h:70\\\/q:mauto\\\/ig:avif\\\/f:best\\\/https:\\\/\\\/abcortopedi.se\\\/wp-content\\\/uploads\\\/2022\\\/01\\\/ABC_Ortopedi_logo-Header.png\",\"width\":400,\"height\":70,\"caption\":\"ABC Ortopedi\"},\"image\":{\"@id\":\"https:\\\/\\\/abcortopedi.se\\\/#\\\/schema\\\/logo\\\/image\\\/\"}}]}<\/script>\n<!-- \/ Yoast SEO plugin. -->","yoast_head_json":{"title":"ABC Ortopedi | ABC Ortopedi","description":"ABC Ortopedi erbjuder en ortopedisk mottagning med h\u00f6g tillg\u00e4nglighet och snabbt omh\u00e4ndertagande av patienter och remittenter.","robots":{"index":"index","follow":"follow","max-snippet":"max-snippet:-1","max-image-preview":"max-image-preview:large","max-video-preview":"max-video-preview:-1"},"canonical":"https:\/\/abcortopedi.se\/en\/abc\/","og_locale":"en_US","og_type":"article","og_title":"ABC Ortopedi | ABC Ortopedi","og_description":"ABC Ortopedi erbjuder en ortopedisk mottagning med h\u00f6g tillg\u00e4nglighet och snabbt omh\u00e4ndertagande av patienter och remittenter.","og_url":"https:\/\/abcortopedi.se\/en\/abc\/","og_site_name":"ABC Ortopedi","article_modified_time":"2025-10-07T16:27:51+00:00","og_image":[{"width":724,"height":724,"url":"https:\/\/abcortopedi.se\/wp-content\/uploads\/2023\/11\/ABC-Ortopedi-Portrait-Lukas-Gron-COMP@2x.webp","type":"image\/webp"}],"twitter_card":"summary_large_image","twitter_misc":{"Est. reading time":"2 minutes"},"schema":{"@context":"https:\/\/schema.org","@graph":[{"@type":"WebPage","@id":"https:\/\/abcortopedi.se\/abc\/","url":"https:\/\/abcortopedi.se\/abc\/","name":"ABC Ortopedi | ABC Ortopedi","isPartOf":{"@id":"https:\/\/abcortopedi.se\/#website"},"primaryImageOfPage":{"@id":"https:\/\/abcortopedi.se\/abc\/#primaryimage"},"image":{"@id":"https:\/\/abcortopedi.se\/abc\/#primaryimage"},"thumbnailUrl":"https:\/\/abcortopedi.se\/wp-content\/uploads\/2023\/11\/ABC-Ortopedi-Portrait-Lukas-Gron-COMP@2x.webp","datePublished":"2023-11-17T20:39:07+00:00","dateModified":"2025-10-07T16:27:51+00:00","description":"ABC Ortopedi erbjuder en ortopedisk mottagning med h\u00f6g tillg\u00e4nglighet och snabbt omh\u00e4ndertagande av patienter och remittenter.","breadcrumb":{"@id":"https:\/\/abcortopedi.se\/abc\/#breadcrumb"},"inLanguage":"en-US","potentialAction":[{"@type":"ReadAction","target":["https:\/\/abcortopedi.se\/abc\/"]}]},{"@type":"ImageObject","inLanguage":"en-US","@id":"https:\/\/abcortopedi.se\/abc\/#primaryimage","url":"https:\/\/abcortopedi.se\/wp-content\/uploads\/2023\/11\/ABC-Ortopedi-Portrait-Lukas-Gron-COMP@2x.webp","contentUrl":"https:\/\/abcortopedi.se\/wp-content\/uploads\/2023\/11\/ABC-Ortopedi-Portrait-Lukas-Gron-COMP@2x.webp"},{"@type":"BreadcrumbList","@id":"https:\/\/abcortopedi.se\/abc\/#breadcrumb","itemListElement":[{"@type":"ListItem","position":1,"name":"Hem","item":"https:\/\/abcortopedi.se\/"},{"@type":"ListItem","position":2,"name":"ABC Ortopedi"}]},{"@type":"WebSite","@id":"https:\/\/abcortopedi.se\/#website","url":"https:\/\/abcortopedi.se\/","name":"ABC Ortopedi","description":"Snabb &amp; tillg\u00e4nglig ortopedi i STHLM","publisher":{"@id":"https:\/\/abcortopedi.se\/#organization"},"potentialAction":[{"@type":"SearchAction","target":{"@type":"EntryPoint","urlTemplate":"https:\/\/abcortopedi.se\/?s={search_term_string}"},"query-input":{"@type":"PropertyValueSpecification","valueRequired":true,"valueName":"search_term_string"}}],"inLanguage":"en-US"},{"@type":"Organization","@id":"https:\/\/abcortopedi.se\/#organization","name":"ABC Ortopedi","url":"https:\/\/abcortopedi.se\/","logo":{"@type":"ImageObject","inLanguage":"en-US","@id":"https:\/\/abcortopedi.se\/#\/schema\/logo\/image\/","url":"https:\/\/ml8nxwckgrp1.i.optimole.com\/cb:HjJt.4f9db\/w:400\/h:70\/q:mauto\/ig:avif\/f:best\/https:\/\/abcortopedi.se\/wp-content\/uploads\/2022\/01\/ABC_Ortopedi_logo-Header.png","contentUrl":"https:\/\/ml8nxwckgrp1.i.optimole.com\/cb:HjJt.4f9db\/w:400\/h:70\/q:mauto\/ig:avif\/f:best\/https:\/\/abcortopedi.se\/wp-content\/uploads\/2022\/01\/ABC_Ortopedi_logo-Header.png","width":400,"height":70,"caption":"ABC Ortopedi"},"image":{"@id":"https:\/\/abcortopedi.se\/#\/schema\/logo\/image\/"}}]}},"_links":{"self":[{"href":"https:\/\/abcortopedi.se\/en\/wp-json\/wp\/v2\/pages\/1045","targetHints":{"allow":["GET"]}}],"collection":[{"href":"https:\/\/abcortopedi.se\/en\/wp-json\/wp\/v2\/pages"}],"about":[{"href":"https:\/\/abcortopedi.se\/en\/wp-json\/wp\/v2\/types\/page"}],"author":[{"embeddable":true,"href":"https:\/\/abcortopedi.se\/en\/wp-json\/wp\/v2\/users\/1"}],"replies":[{"embeddable":true,"href":"https:\/\/abcortopedi.se\/en\/wp-json\/wp\/v2\/comments?post=1045"}],"version-history":[{"count":0,"href":"https:\/\/abcortopedi.se\/en\/wp-json\/wp\/v2\/pages\/1045\/revisions"}],"wp:attachment":[{"href":"https:\/\/abcortopedi.se\/en\/wp-json\/wp\/v2\/media?parent=1045"}],"curies":[{"name":"wp","href":"https:\/\/api.w.org\/{rel}","templated":true}]}}