{"id":2210,"date":"2024-10-24T14:10:28","date_gmt":"2024-10-24T12:10:28","guid":{"rendered":"https:\/\/abcortopedi.se\/?page_id=2210"},"modified":"2025-07-09T11:52:37","modified_gmt":"2025-07-09T09:52:37","slug":"valj-din-vard","status":"publish","type":"page","link":"https:\/\/abcortopedi.se\/en\/","title":{"rendered":"V\u00e4lj din v\u00e5rd"},"content":{"rendered":"<div data-elementor-type=\"wp-page\" data-elementor-id=\"2210\" class=\"elementor elementor-2210\" data-elementor-post-type=\"page\">\n\t\t\t\t\t\t<section class=\"elementor-section elementor-top-section elementor-element elementor-element-7de209c4 elementor-section-height-min-height elementor-section-boxed elementor-section-height-default elementor-section-items-middle\" data-id=\"7de209c4\" data-element_type=\"section\" data-e-type=\"section\">\n\t\t\t\t\t\t<div class=\"elementor-container elementor-column-gap-default\">\n\t\t\t\t\t<div class=\"elementor-column elementor-col-100 elementor-top-column elementor-element elementor-element-2e763173\" data-id=\"2e763173\" data-element_type=\"column\" data-e-type=\"column\">\n\t\t\t<div class=\"elementor-widget-wrap elementor-element-populated\">\n\t\t\t\t\t\t<div class=\"elementor-element elementor-element-51f568fe elementor-widget-mobile__width-initial elementor-widget elementor-widget-heading\" data-id=\"51f568fe\" data-element_type=\"widget\" data-e-type=\"widget\" data-widget_type=\"heading.default\">\n\t\t\t\t<div class=\"elementor-widget-container\">\n\t\t\t\t\t<h1 class=\"elementor-heading-title elementor-size-default\">Welcome to ABC Ortopedi!<br>\nWhich department are you looking for?<\/h1>\t\t\t\t<\/div>\n\t\t\t\t<\/div>\n\t\t\t\t<div class=\"elementor-element elementor-element-7ccb96e0 elementor-align-center elementor-widget__width-auto elementor-widget-mobile__width-inherit elementor-widget elementor-widget-button\" data-id=\"7ccb96e0\" data-element_type=\"widget\" data-e-type=\"widget\" data-widget_type=\"button.default\">\n\t\t\t\t<div class=\"elementor-widget-container\">\n\t\t\t\t\t\t\t\t\t<div class=\"elementor-button-wrapper\">\n\t\t\t\t\t<a class=\"elementor-button elementor-button-link elementor-size-sm\" href=\"https:\/\/abcortopedi.se\/en\/hem\/\">\n\t\t\t\t\t\t<span class=\"elementor-button-content-wrapper\">\n\t\t\t\t\t\t\t\t\t<span class=\"elementor-button-text\">Clinic<\/span>\n\t\t\t\t\t<\/span>\n\t\t\t\t\t<\/a>\n\t\t\t\t<\/div>\n\t\t\t\t\t\t\t\t<\/div>\n\t\t\t\t<\/div>\n\t\t\t\t<div class=\"elementor-element elementor-element-46c9d728 elementor-align-center elementor-widget__width-auto elementor-widget-mobile__width-inherit elementor-widget elementor-widget-button\" data-id=\"46c9d728\" data-element_type=\"widget\" data-e-type=\"widget\" data-widget_type=\"button.default\">\n\t\t\t\t<div class=\"elementor-widget-container\">\n\t\t\t\t\t\t\t\t\t<div class=\"elementor-button-wrapper\">\n\t\t\t\t\t<a class=\"elementor-button elementor-button-link elementor-size-sm\" href=\"https:\/\/operation.abcortopedi.se\">\n\t\t\t\t\t\t<span class=\"elementor-button-content-wrapper\">\n\t\t\t\t\t\t\t\t\t<span class=\"elementor-button-text\">Surgery<\/span>\n\t\t\t\t\t<\/span>\n\t\t\t\t\t<\/a>\n\t\t\t\t<\/div>\n\t\t\t\t\t\t\t\t<\/div>\n\t\t\t\t<\/div>\n\t\t\t\t<div class=\"elementor-element elementor-element-6d6082be elementor-hidden-widescreen elementor-hidden-desktop elementor-hidden-laptop elementor-hidden-tablet_extra elementor-hidden-tablet elementor-hidden-mobile_extra elementor-hidden-mobile elementor-widget elementor-widget-image\" data-id=\"6d6082be\" data-element_type=\"widget\" data-e-type=\"widget\" data-widget_type=\"image.default\">\n\t\t\t\t<div class=\"elementor-widget-container\">\n\t\t\t\t\t\t\t\t\t\t\t\t\t\t\t<img decoding=\"async\" width=\"400\" height=\"70\" src=\"https:\/\/abcortopedi.se\/wp-content\/uploads\/2024\/10\/ABC_Ortopedi_logo-Header.png\" class=\"attachment-full size-full wp-image-2206\" alt=\"\" \/>\t\t\t\t\t\t\t\t\t\t\t\t\t\t\t<\/div>\n\t\t\t\t<\/div>\n\t\t\t\t\t<\/div>\n\t\t<\/div>\n\t\t\t\t\t<\/div>\n\t\t<\/section>\n\t\t\t\t<\/div>","protected":false},"excerpt":{"rendered":"<p>V\u00e4lkommen till ABC Ortopedi!\u2028 Vilken avdelning s\u00f6ker du? Mottagning Operationer<\/p>","protected":false},"author":1,"featured_media":0,"parent":0,"menu_order":0,"comment_status":"closed","ping_status":"closed","template":"","meta":{"_acf_changed":false,"_monsterinsights_skip_tracking":false,"_monsterinsights_sitenote_active":false,"_monsterinsights_sitenote_note":"","_monsterinsights_sitenote_category":0,"footnotes":""},"class_list":["post-2210","page","type-page","status-publish","hentry"],"acf":[],"yoast_head":"<!-- This site is optimized with the Yoast SEO plugin v27.3 - https:\/\/yoast.com\/product\/yoast-seo-wordpress\/ -->\n<title>V\u00e4lj din v\u00e5rd | ABC Ortopedi<\/title>\n<meta name=\"description\" content=\"ABC Ortopedi erbjuder en ortopedisk mottagning med h\u00f6g tillg\u00e4nglighet och snabbt omh\u00e4ndertagande av patienter och remittenter.\" \/>\n<meta name=\"robots\" content=\"index, follow, max-snippet:-1, max-image-preview:large, max-video-preview:-1\" \/>\n<link rel=\"canonical\" href=\"https:\/\/abcortopedi.se\/en\/\" \/>\n<meta property=\"og:locale\" content=\"en_US\" \/>\n<meta property=\"og:type\" content=\"article\" \/>\n<meta property=\"og:title\" content=\"V\u00e4lj din v\u00e5rd | ABC Ortopedi\" \/>\n<meta property=\"og:description\" content=\"ABC Ortopedi erbjuder en ortopedisk mottagning med h\u00f6g tillg\u00e4nglighet och snabbt omh\u00e4ndertagande av patienter och remittenter.\" \/>\n<meta property=\"og:url\" content=\"https:\/\/abcortopedi.se\/en\/\" \/>\n<meta property=\"og:site_name\" content=\"ABC Ortopedi\" \/>\n<meta property=\"article:modified_time\" content=\"2025-07-09T09:52:37+00:00\" \/>\n<meta property=\"og:image\" content=\"https:\/\/abcortopedi.se\/wp-content\/uploads\/2024\/10\/ABC_Ortopedi_logo-Header.png\" \/>\n\t<meta property=\"og:image:width\" content=\"400\" \/>\n\t<meta property=\"og:image:height\" content=\"70\" \/>\n\t<meta property=\"og:image:type\" content=\"image\/png\" \/>\n<meta name=\"twitter:card\" content=\"summary_large_image\" \/>\n<meta name=\"twitter:label1\" content=\"Est. reading time\" \/>\n\t<meta name=\"twitter:data1\" content=\"1 minute\" \/>\n<script type=\"application\/ld+json\" class=\"yoast-schema-graph\">{\"@context\":\"https:\\\/\\\/schema.org\",\"@graph\":[{\"@type\":\"WebPage\",\"@id\":\"https:\\\/\\\/abcortopedi.se\\\/\",\"url\":\"https:\\\/\\\/abcortopedi.se\\\/\",\"name\":\"V\u00e4lj din v\u00e5rd | ABC Ortopedi\",\"isPartOf\":{\"@id\":\"https:\\\/\\\/abcortopedi.se\\\/#website\"},\"primaryImageOfPage\":{\"@id\":\"https:\\\/\\\/abcortopedi.se\\\/#primaryimage\"},\"image\":{\"@id\":\"https:\\\/\\\/abcortopedi.se\\\/#primaryimage\"},\"thumbnailUrl\":\"https:\\\/\\\/abcortopedi.se\\\/wp-content\\\/uploads\\\/2024\\\/10\\\/ABC_Ortopedi_logo-Header.png\",\"datePublished\":\"2024-10-24T12:10:28+00:00\",\"dateModified\":\"2025-07-09T09:52:37+00:00\",\"description\":\"ABC Ortopedi erbjuder en ortopedisk mottagning med h\u00f6g tillg\u00e4nglighet och snabbt omh\u00e4ndertagande av patienter och remittenter.\",\"breadcrumb\":{\"@id\":\"https:\\\/\\\/abcortopedi.se\\\/#breadcrumb\"},\"inLanguage\":\"en-US\",\"potentialAction\":[{\"@type\":\"ReadAction\",\"target\":[\"https:\\\/\\\/abcortopedi.se\\\/\"]}]},{\"@type\":\"ImageObject\",\"inLanguage\":\"en-US\",\"@id\":\"https:\\\/\\\/abcortopedi.se\\\/#primaryimage\",\"url\":\"https:\\\/\\\/abcortopedi.se\\\/wp-content\\\/uploads\\\/2024\\\/10\\\/ABC_Ortopedi_logo-Header.png\",\"contentUrl\":\"https:\\\/\\\/abcortopedi.se\\\/wp-content\\\/uploads\\\/2024\\\/10\\\/ABC_Ortopedi_logo-Header.png\"},{\"@type\":\"BreadcrumbList\",\"@id\":\"https:\\\/\\\/abcortopedi.se\\\/#breadcrumb\",\"itemListElement\":[{\"@type\":\"ListItem\",\"position\":1,\"name\":\"Hem\",\"item\":\"https:\\\/\\\/abcortopedi.se\\\/\"},{\"@type\":\"ListItem\",\"position\":2,\"name\":\"V\u00e4lj din v\u00e5rd\"}]},{\"@type\":\"WebSite\",\"@id\":\"https:\\\/\\\/abcortopedi.se\\\/#website\",\"url\":\"https:\\\/\\\/abcortopedi.se\\\/\",\"name\":\"ABC Ortopedi\",\"description\":\"Snabb &amp; tillg\u00e4nglig ortopedi i STHLM\",\"publisher\":{\"@id\":\"https:\\\/\\\/abcortopedi.se\\\/#organization\"},\"potentialAction\":[{\"@type\":\"SearchAction\",\"target\":{\"@type\":\"EntryPoint\",\"urlTemplate\":\"https:\\\/\\\/abcortopedi.se\\\/?s={search_term_string}\"},\"query-input\":{\"@type\":\"PropertyValueSpecification\",\"valueRequired\":true,\"valueName\":\"search_term_string\"}}],\"inLanguage\":\"en-US\"},{\"@type\":\"Organization\",\"@id\":\"https:\\\/\\\/abcortopedi.se\\\/#organization\",\"name\":\"ABC Ortopedi\",\"url\":\"https:\\\/\\\/abcortopedi.se\\\/\",\"logo\":{\"@type\":\"ImageObject\",\"inLanguage\":\"en-US\",\"@id\":\"https:\\\/\\\/abcortopedi.se\\\/#\\\/schema\\\/logo\\\/image\\\/\",\"url\":\"https:\\\/\\\/ml8nxwckgrp1.i.optimole.com\\\/cb:HjJt.4f9db\\\/w:400\\\/h:70\\\/q:mauto\\\/ig:avif\\\/f:best\\\/https:\\\/\\\/abcortopedi.se\\\/wp-content\\\/uploads\\\/2022\\\/01\\\/ABC_Ortopedi_logo-Header.png\",\"contentUrl\":\"https:\\\/\\\/ml8nxwckgrp1.i.optimole.com\\\/cb:HjJt.4f9db\\\/w:400\\\/h:70\\\/q:mauto\\\/ig:avif\\\/f:best\\\/https:\\\/\\\/abcortopedi.se\\\/wp-content\\\/uploads\\\/2022\\\/01\\\/ABC_Ortopedi_logo-Header.png\",\"width\":400,\"height\":70,\"caption\":\"ABC Ortopedi\"},\"image\":{\"@id\":\"https:\\\/\\\/abcortopedi.se\\\/#\\\/schema\\\/logo\\\/image\\\/\"}}]}<\/script>\n<!-- \/ Yoast SEO plugin. -->","yoast_head_json":{"title":"V\u00e4lj din v\u00e5rd | ABC Ortopedi","description":"ABC Ortopedi erbjuder en ortopedisk mottagning med h\u00f6g tillg\u00e4nglighet och snabbt omh\u00e4ndertagande av patienter och remittenter.","robots":{"index":"index","follow":"follow","max-snippet":"max-snippet:-1","max-image-preview":"max-image-preview:large","max-video-preview":"max-video-preview:-1"},"canonical":"https:\/\/abcortopedi.se\/en\/","og_locale":"en_US","og_type":"article","og_title":"V\u00e4lj din v\u00e5rd | ABC Ortopedi","og_description":"ABC Ortopedi erbjuder en ortopedisk mottagning med h\u00f6g tillg\u00e4nglighet och snabbt omh\u00e4ndertagande av patienter och remittenter.","og_url":"https:\/\/abcortopedi.se\/en\/","og_site_name":"ABC Ortopedi","article_modified_time":"2025-07-09T09:52:37+00:00","og_image":[{"width":400,"height":70,"url":"https:\/\/abcortopedi.se\/wp-content\/uploads\/2024\/10\/ABC_Ortopedi_logo-Header.png","type":"image\/png"}],"twitter_card":"summary_large_image","twitter_misc":{"Est. reading time":"1 minute"},"schema":{"@context":"https:\/\/schema.org","@graph":[{"@type":"WebPage","@id":"https:\/\/abcortopedi.se\/","url":"https:\/\/abcortopedi.se\/","name":"V\u00e4lj din v\u00e5rd | ABC Ortopedi","isPartOf":{"@id":"https:\/\/abcortopedi.se\/#website"},"primaryImageOfPage":{"@id":"https:\/\/abcortopedi.se\/#primaryimage"},"image":{"@id":"https:\/\/abcortopedi.se\/#primaryimage"},"thumbnailUrl":"https:\/\/abcortopedi.se\/wp-content\/uploads\/2024\/10\/ABC_Ortopedi_logo-Header.png","datePublished":"2024-10-24T12:10:28+00:00","dateModified":"2025-07-09T09:52:37+00:00","description":"ABC Ortopedi erbjuder en ortopedisk mottagning med h\u00f6g tillg\u00e4nglighet och snabbt omh\u00e4ndertagande av patienter och remittenter.","breadcrumb":{"@id":"https:\/\/abcortopedi.se\/#breadcrumb"},"inLanguage":"en-US","potentialAction":[{"@type":"ReadAction","target":["https:\/\/abcortopedi.se\/"]}]},{"@type":"ImageObject","inLanguage":"en-US","@id":"https:\/\/abcortopedi.se\/#primaryimage","url":"https:\/\/abcortopedi.se\/wp-content\/uploads\/2024\/10\/ABC_Ortopedi_logo-Header.png","contentUrl":"https:\/\/abcortopedi.se\/wp-content\/uploads\/2024\/10\/ABC_Ortopedi_logo-Header.png"},{"@type":"BreadcrumbList","@id":"https:\/\/abcortopedi.se\/#breadcrumb","itemListElement":[{"@type":"ListItem","position":1,"name":"Hem","item":"https:\/\/abcortopedi.se\/"},{"@type":"ListItem","position":2,"name":"V\u00e4lj din v\u00e5rd"}]},{"@type":"WebSite","@id":"https:\/\/abcortopedi.se\/#website","url":"https:\/\/abcortopedi.se\/","name":"ABC Ortopedi","description":"Snabb &amp; tillg\u00e4nglig ortopedi i STHLM","publisher":{"@id":"https:\/\/abcortopedi.se\/#organization"},"potentialAction":[{"@type":"SearchAction","target":{"@type":"EntryPoint","urlTemplate":"https:\/\/abcortopedi.se\/?s={search_term_string}"},"query-input":{"@type":"PropertyValueSpecification","valueRequired":true,"valueName":"search_term_string"}}],"inLanguage":"en-US"},{"@type":"Organization","@id":"https:\/\/abcortopedi.se\/#organization","name":"ABC Ortopedi","url":"https:\/\/abcortopedi.se\/","logo":{"@type":"ImageObject","inLanguage":"en-US","@id":"https:\/\/abcortopedi.se\/#\/schema\/logo\/image\/","url":"https:\/\/ml8nxwckgrp1.i.optimole.com\/cb:HjJt.4f9db\/w:400\/h:70\/q:mauto\/ig:avif\/f:best\/https:\/\/abcortopedi.se\/wp-content\/uploads\/2022\/01\/ABC_Ortopedi_logo-Header.png","contentUrl":"https:\/\/ml8nxwckgrp1.i.optimole.com\/cb:HjJt.4f9db\/w:400\/h:70\/q:mauto\/ig:avif\/f:best\/https:\/\/abcortopedi.se\/wp-content\/uploads\/2022\/01\/ABC_Ortopedi_logo-Header.png","width":400,"height":70,"caption":"ABC Ortopedi"},"image":{"@id":"https:\/\/abcortopedi.se\/#\/schema\/logo\/image\/"}}]}},"_links":{"self":[{"href":"https:\/\/abcortopedi.se\/en\/wp-json\/wp\/v2\/pages\/2210","targetHints":{"allow":["GET"]}}],"collection":[{"href":"https:\/\/abcortopedi.se\/en\/wp-json\/wp\/v2\/pages"}],"about":[{"href":"https:\/\/abcortopedi.se\/en\/wp-json\/wp\/v2\/types\/page"}],"author":[{"embeddable":true,"href":"https:\/\/abcortopedi.se\/en\/wp-json\/wp\/v2\/users\/1"}],"replies":[{"embeddable":true,"href":"https:\/\/abcortopedi.se\/en\/wp-json\/wp\/v2\/comments?post=2210"}],"version-history":[{"count":0,"href":"https:\/\/abcortopedi.se\/en\/wp-json\/wp\/v2\/pages\/2210\/revisions"}],"wp:attachment":[{"href":"https:\/\/abcortopedi.se\/en\/wp-json\/wp\/v2\/media?parent=2210"}],"curies":[{"name":"wp","href":"https:\/\/api.w.org\/{rel}","templated":true}]}}