{"id":2538,"date":"2025-09-02T13:49:52","date_gmt":"2025-09-02T11:49:52","guid":{"rendered":"https:\/\/abcortopedi.se\/?page_id=2538"},"modified":"2025-09-02T13:59:03","modified_gmt":"2025-09-02T11:59:03","slug":"miljopolicy","status":"publish","type":"page","link":"https:\/\/abcortopedi.se\/en\/miljopolicy\/","title":{"rendered":"Environmental policy"},"content":{"rendered":"\t\t<div data-elementor-type=\"wp-page\" data-elementor-id=\"2538\" class=\"elementor elementor-2538\" data-elementor-post-type=\"page\">\n\t\t\t\t\t\t<section class=\"elementor-section elementor-top-section elementor-element elementor-element-7c95839a elementor-section-boxed elementor-section-height-default elementor-section-height-default\" data-id=\"7c95839a\" data-element_type=\"section\" data-e-type=\"section\">\n\t\t\t\t\t\t<div class=\"elementor-container elementor-column-gap-default\">\n\t\t\t\t\t<div class=\"elementor-column elementor-col-100 elementor-top-column elementor-element elementor-element-2b636c0c\" data-id=\"2b636c0c\" data-element_type=\"column\" data-e-type=\"column\">\n\t\t\t<div class=\"elementor-widget-wrap elementor-element-populated\">\n\t\t\t\t\t\t<div class=\"elementor-element elementor-element-a0d952a elementor-widget elementor-widget-heading\" data-id=\"a0d952a\" data-element_type=\"widget\" data-e-type=\"widget\" data-widget_type=\"heading.default\">\n\t\t\t\t<div class=\"elementor-widget-container\">\n\t\t\t\t\t<h1 class=\"elementor-heading-title elementor-size-default\">Milj\u00f6policy<\/h1>\t\t\t\t<\/div>\n\t\t\t\t<\/div>\n\t\t\t\t<div class=\"elementor-element elementor-element-4bb7c9e elementor-widget__width-initial elementor-widget-mobile__width-inherit elementor-widget-tablet_extra__width-initial elementor-widget elementor-widget-text-editor\" data-id=\"4bb7c9e\" data-element_type=\"widget\" data-e-type=\"widget\" data-widget_type=\"text-editor.default\">\n\t\t\t\t<div class=\"elementor-widget-container\">\n\t\t\t\t\t\t\t\t\t<p><span data-contrast=\"auto\">F\u00f6r att l\u00e5ngsiktigt f\u00f6rb\u00e4ttra milj\u00f6 och h\u00e4lsa ska vi p\u00e5 ABC Ortopedi arbeta med att f\u00f6rebygga resurssl\u00f6seri, minimera klimatp\u00e5verkan och f\u00f6rhindra skadlig p\u00e5verkan p\u00e5 m\u00e4nniskors h\u00e4lsa, samtidigt som vi minskar v\u00e5r milj\u00f6p\u00e5verkan genom att:\u00a0<\/span><span data-ccp-props=\"{}\">\u00a0<\/span><\/p><ul><li aria-setsize=\"-1\" data-leveltext=\"\uf0b7\" data-font=\"Symbol\" data-listid=\"1\" data-list-defn-props=\"{&quot;335552541&quot;:1,&quot;335559685&quot;:720,&quot;335559991&quot;:360,&quot;469769226&quot;:&quot;Symbol&quot;,&quot;469769242&quot;:[8226],&quot;469777803&quot;:&quot;left&quot;,&quot;469777804&quot;:&quot;\uf0b7&quot;,&quot;469777815&quot;:&quot;hybridMultilevel&quot;}\" data-aria-posinset=\"1\" data-aria-level=\"1\"><span data-contrast=\"auto\">Vi f\u00f6ljer de lagar, f\u00f6rordningar och andra bindande krav som g\u00e4ller v\u00e5r verksamhet inom milj\u00f6omr\u00e5det.<\/span><span data-ccp-props=\"{}\">\u00a0<\/span><\/li><\/ul><ul><li aria-setsize=\"-1\" data-leveltext=\"\uf0b7\" data-font=\"Symbol\" data-listid=\"1\" data-list-defn-props=\"{&quot;335552541&quot;:1,&quot;335559685&quot;:720,&quot;335559991&quot;:360,&quot;469769226&quot;:&quot;Symbol&quot;,&quot;469769242&quot;:[8226],&quot;469777803&quot;:&quot;left&quot;,&quot;469777804&quot;:&quot;\uf0b7&quot;,&quot;469777815&quot;:&quot;hybridMultilevel&quot;}\" data-aria-posinset=\"2\" data-aria-level=\"1\"><span data-contrast=\"auto\">Vi arbetar systematiskt enligt kraven i milj\u00f6standarden ISO 14001:2015.\u00a0<\/span><span data-ccp-props=\"{}\">\u00a0<\/span><\/li><\/ul><ul><li aria-setsize=\"-1\" data-leveltext=\"\uf0b7\" data-font=\"Symbol\" data-listid=\"1\" data-list-defn-props=\"{&quot;335552541&quot;:1,&quot;335559685&quot;:720,&quot;335559991&quot;:360,&quot;469769226&quot;:&quot;Symbol&quot;,&quot;469769242&quot;:[8226],&quot;469777803&quot;:&quot;left&quot;,&quot;469777804&quot;:&quot;\uf0b7&quot;,&quot;469777815&quot;:&quot;hybridMultilevel&quot;}\" data-aria-posinset=\"3\" data-aria-level=\"1\"><span data-contrast=\"auto\">Vi arbetar f\u00f6r att skydda milj\u00f6n, inklusive f\u00f6rebyggande av och k\u00e4llsortering av skadliga avfall\/utsl\u00e4pp\/f\u00f6roreningar i milj\u00f6n fr\u00e5n v\u00e5r verksamhet.\u00a0<\/span><span data-ccp-props=\"{}\">\u00a0<\/span><\/li><\/ul><ul><li aria-setsize=\"-1\" data-leveltext=\"\uf0b7\" data-font=\"Symbol\" data-listid=\"1\" data-list-defn-props=\"{&quot;335552541&quot;:1,&quot;335559685&quot;:720,&quot;335559991&quot;:360,&quot;469769226&quot;:&quot;Symbol&quot;,&quot;469769242&quot;:[8226],&quot;469777803&quot;:&quot;left&quot;,&quot;469777804&quot;:&quot;\uf0b7&quot;,&quot;469777815&quot;:&quot;hybridMultilevel&quot;}\" data-aria-posinset=\"4\" data-aria-level=\"1\"><span data-contrast=\"auto\">Vi arbetar aktivt med att minska milj\u00f6p\u00e5verkan fr\u00e5n l\u00e4kemedel.<\/span><span data-ccp-props=\"{}\">\u00a0<\/span><\/li><\/ul><ul><li aria-setsize=\"-1\" data-leveltext=\"\uf0b7\" data-font=\"Symbol\" data-listid=\"1\" data-list-defn-props=\"{&quot;335552541&quot;:1,&quot;335559685&quot;:720,&quot;335559991&quot;:360,&quot;469769226&quot;:&quot;Symbol&quot;,&quot;469769242&quot;:[8226],&quot;469777803&quot;:&quot;left&quot;,&quot;469777804&quot;:&quot;\uf0b7&quot;,&quot;469777815&quot;:&quot;hybridMultilevel&quot;}\" data-aria-posinset=\"5\" data-aria-level=\"1\"><span data-contrast=\"auto\">Vi v\u00e4ger in milj\u00f6h\u00e4nsyn n\u00e4r vi v\u00e4ljer material, produkter och tj\u00e4nster s\u00e5 att v\u00e5r milj\u00f6p\u00e5verkan minskar.\u00a0<\/span><span data-ccp-props=\"{}\">\u00a0<\/span><\/li><\/ul><ul><li aria-setsize=\"-1\" data-leveltext=\"\uf0b7\" data-font=\"Symbol\" data-listid=\"1\" data-list-defn-props=\"{&quot;335552541&quot;:1,&quot;335559685&quot;:720,&quot;335559991&quot;:360,&quot;469769226&quot;:&quot;Symbol&quot;,&quot;469769242&quot;:[8226],&quot;469777803&quot;:&quot;left&quot;,&quot;469777804&quot;:&quot;\uf0b7&quot;,&quot;469777815&quot;:&quot;hybridMultilevel&quot;}\" data-aria-posinset=\"6\" data-aria-level=\"1\"><span data-contrast=\"auto\">Vi integrerar milj\u00f6fr\u00e5gorna i det dagliga arbetet f\u00f6r att st\u00e4ndigt f\u00f6rb\u00e4ttra v\u00e5rt milj\u00f6arbete.<\/span><span data-ccp-props=\"{}\">\u00a0<\/span><\/li><\/ul><ul><li aria-setsize=\"-1\" data-leveltext=\"\uf0b7\" data-font=\"Symbol\" data-listid=\"1\" data-list-defn-props=\"{&quot;335552541&quot;:1,&quot;335559685&quot;:720,&quot;335559991&quot;:360,&quot;469769226&quot;:&quot;Symbol&quot;,&quot;469769242&quot;:[8226],&quot;469777803&quot;:&quot;left&quot;,&quot;469777804&quot;:&quot;\uf0b7&quot;,&quot;469777815&quot;:&quot;hybridMultilevel&quot;}\" data-aria-posinset=\"7\" data-aria-level=\"1\"><span data-contrast=\"auto\">Vi har kontinuerligt utbildningar f\u00f6r alla anst\u00e4llda.\u00a0<\/span><span data-ccp-props=\"{}\">\u00a0<\/span><\/li><\/ul><ul><li aria-setsize=\"-1\" data-leveltext=\"\uf0b7\" data-font=\"Symbol\" data-listid=\"1\" data-list-defn-props=\"{&quot;335552541&quot;:1,&quot;335559685&quot;:720,&quot;335559991&quot;:360,&quot;469769226&quot;:&quot;Symbol&quot;,&quot;469769242&quot;:[8226],&quot;469777803&quot;:&quot;left&quot;,&quot;469777804&quot;:&quot;\uf0b7&quot;,&quot;469777815&quot;:&quot;hybridMultilevel&quot;}\" data-aria-posinset=\"8\" data-aria-level=\"1\"><span data-contrast=\"auto\">Vi h\u00e5ller milj\u00f6policyn tillg\u00e4nglig f\u00f6r alla.<\/span><span data-ccp-props=\"{}\">\u00a0<\/span><\/li><\/ul>\t\t\t\t\t\t\t\t<\/div>\n\t\t\t\t<\/div>\n\t\t\t\t\t<\/div>\n\t\t<\/div>\n\t\t\t\t\t<\/div>\n\t\t<\/section>\n\t\t\t\t<\/div>\n\t\t","protected":false},"excerpt":{"rendered":"<p>Milj\u00f6policy F\u00f6r att l\u00e5ngsiktigt f\u00f6rb\u00e4ttra milj\u00f6 och h\u00e4lsa ska vi p\u00e5 ABC Ortopedi arbeta med att f\u00f6rebygga resurssl\u00f6seri, minimera klimatp\u00e5verkan och f\u00f6rhindra skadlig p\u00e5verkan p\u00e5 m\u00e4nniskors h\u00e4lsa, samtidigt som vi minskar v\u00e5r milj\u00f6p\u00e5verkan genom att:\u00a0\u00a0 Vi f\u00f6ljer de lagar, f\u00f6rordningar och andra bindande krav som g\u00e4ller v\u00e5r verksamhet inom milj\u00f6omr\u00e5det.\u00a0 Vi arbetar systematiskt enligt kraven [&hellip;]<\/p>\n","protected":false},"author":1,"featured_media":0,"parent":0,"menu_order":0,"comment_status":"closed","ping_status":"closed","template":"","meta":{"_acf_changed":false,"_monsterinsights_skip_tracking":false,"_monsterinsights_sitenote_active":false,"_monsterinsights_sitenote_note":"","_monsterinsights_sitenote_category":0,"footnotes":""},"class_list":["post-2538","page","type-page","status-publish","hentry"],"acf":[],"yoast_head":"<!-- This site is optimized with the Yoast SEO plugin v27.3 - https:\/\/yoast.com\/product\/yoast-seo-wordpress\/ -->\n<title>Milj\u00f6policy | ABC Ortopedi<\/title>\n<meta name=\"description\" content=\"ABC Ortopedi erbjuder en ortopedisk mottagning med h\u00f6g tillg\u00e4nglighet och snabbt omh\u00e4ndertagande av patienter och remittenter.\" \/>\n<meta name=\"robots\" content=\"index, follow, max-snippet:-1, max-image-preview:large, max-video-preview:-1\" \/>\n<link rel=\"canonical\" href=\"https:\/\/abcortopedi.se\/en\/miljopolicy\/\" \/>\n<meta property=\"og:locale\" content=\"en_US\" \/>\n<meta property=\"og:type\" content=\"article\" \/>\n<meta property=\"og:title\" content=\"Milj\u00f6policy | ABC Ortopedi\" \/>\n<meta property=\"og:description\" content=\"ABC Ortopedi erbjuder en ortopedisk mottagning med h\u00f6g tillg\u00e4nglighet och snabbt omh\u00e4ndertagande av patienter och remittenter.\" \/>\n<meta property=\"og:url\" content=\"https:\/\/abcortopedi.se\/en\/miljopolicy\/\" \/>\n<meta property=\"og:site_name\" content=\"ABC Ortopedi\" \/>\n<meta property=\"article:modified_time\" content=\"2025-09-02T11:59:03+00:00\" \/>\n<meta property=\"og:image\" content=\"https:\/\/abcortopedi.se\/wp-content\/uploads\/2023\/11\/ABC_Ortopedi-Social_Share_Image-231128-COMP.webp\" \/>\n\t<meta property=\"og:image:width\" content=\"1200\" \/>\n\t<meta property=\"og:image:height\" content=\"630\" \/>\n\t<meta property=\"og:image:type\" content=\"image\/webp\" \/>\n<meta name=\"twitter:card\" content=\"summary_large_image\" \/>\n<meta name=\"twitter:label1\" content=\"Est. reading time\" \/>\n\t<meta name=\"twitter:data1\" content=\"1 minute\" \/>\n<script type=\"application\/ld+json\" class=\"yoast-schema-graph\">{\"@context\":\"https:\\\/\\\/schema.org\",\"@graph\":[{\"@type\":\"WebPage\",\"@id\":\"https:\\\/\\\/abcortopedi.se\\\/miljopolicy\\\/\",\"url\":\"https:\\\/\\\/abcortopedi.se\\\/miljopolicy\\\/\",\"name\":\"Milj\u00f6policy | ABC Ortopedi\",\"isPartOf\":{\"@id\":\"https:\\\/\\\/abcortopedi.se\\\/#website\"},\"datePublished\":\"2025-09-02T11:49:52+00:00\",\"dateModified\":\"2025-09-02T11:59:03+00:00\",\"description\":\"ABC Ortopedi erbjuder en ortopedisk mottagning med h\u00f6g tillg\u00e4nglighet och snabbt omh\u00e4ndertagande av patienter och remittenter.\",\"breadcrumb\":{\"@id\":\"https:\\\/\\\/abcortopedi.se\\\/miljopolicy\\\/#breadcrumb\"},\"inLanguage\":\"en-US\",\"potentialAction\":[{\"@type\":\"ReadAction\",\"target\":[\"https:\\\/\\\/abcortopedi.se\\\/miljopolicy\\\/\"]}]},{\"@type\":\"BreadcrumbList\",\"@id\":\"https:\\\/\\\/abcortopedi.se\\\/miljopolicy\\\/#breadcrumb\",\"itemListElement\":[{\"@type\":\"ListItem\",\"position\":1,\"name\":\"Hem\",\"item\":\"https:\\\/\\\/abcortopedi.se\\\/\"},{\"@type\":\"ListItem\",\"position\":2,\"name\":\"Milj\u00f6policy\"}]},{\"@type\":\"WebSite\",\"@id\":\"https:\\\/\\\/abcortopedi.se\\\/#website\",\"url\":\"https:\\\/\\\/abcortopedi.se\\\/\",\"name\":\"ABC Ortopedi\",\"description\":\"Snabb &amp; tillg\u00e4nglig ortopedi i STHLM\",\"publisher\":{\"@id\":\"https:\\\/\\\/abcortopedi.se\\\/#organization\"},\"potentialAction\":[{\"@type\":\"SearchAction\",\"target\":{\"@type\":\"EntryPoint\",\"urlTemplate\":\"https:\\\/\\\/abcortopedi.se\\\/?s={search_term_string}\"},\"query-input\":{\"@type\":\"PropertyValueSpecification\",\"valueRequired\":true,\"valueName\":\"search_term_string\"}}],\"inLanguage\":\"en-US\"},{\"@type\":\"Organization\",\"@id\":\"https:\\\/\\\/abcortopedi.se\\\/#organization\",\"name\":\"ABC Ortopedi\",\"url\":\"https:\\\/\\\/abcortopedi.se\\\/\",\"logo\":{\"@type\":\"ImageObject\",\"inLanguage\":\"en-US\",\"@id\":\"https:\\\/\\\/abcortopedi.se\\\/#\\\/schema\\\/logo\\\/image\\\/\",\"url\":\"https:\\\/\\\/ml8nxwckgrp1.i.optimole.com\\\/cb:HjJt.4f9db\\\/w:400\\\/h:70\\\/q:mauto\\\/ig:avif\\\/f:best\\\/https:\\\/\\\/abcortopedi.se\\\/wp-content\\\/uploads\\\/2022\\\/01\\\/ABC_Ortopedi_logo-Header.png\",\"contentUrl\":\"https:\\\/\\\/ml8nxwckgrp1.i.optimole.com\\\/cb:HjJt.4f9db\\\/w:400\\\/h:70\\\/q:mauto\\\/ig:avif\\\/f:best\\\/https:\\\/\\\/abcortopedi.se\\\/wp-content\\\/uploads\\\/2022\\\/01\\\/ABC_Ortopedi_logo-Header.png\",\"width\":400,\"height\":70,\"caption\":\"ABC Ortopedi\"},\"image\":{\"@id\":\"https:\\\/\\\/abcortopedi.se\\\/#\\\/schema\\\/logo\\\/image\\\/\"}}]}<\/script>\n<!-- \/ Yoast SEO plugin. -->","yoast_head_json":{"title":"Milj\u00f6policy | ABC Ortopedi","description":"ABC Ortopedi erbjuder en ortopedisk mottagning med h\u00f6g tillg\u00e4nglighet och snabbt omh\u00e4ndertagande av patienter och remittenter.","robots":{"index":"index","follow":"follow","max-snippet":"max-snippet:-1","max-image-preview":"max-image-preview:large","max-video-preview":"max-video-preview:-1"},"canonical":"https:\/\/abcortopedi.se\/en\/miljopolicy\/","og_locale":"en_US","og_type":"article","og_title":"Milj\u00f6policy | ABC Ortopedi","og_description":"ABC Ortopedi erbjuder en ortopedisk mottagning med h\u00f6g tillg\u00e4nglighet och snabbt omh\u00e4ndertagande av patienter och remittenter.","og_url":"https:\/\/abcortopedi.se\/en\/miljopolicy\/","og_site_name":"ABC Ortopedi","article_modified_time":"2025-09-02T11:59:03+00:00","og_image":[{"width":1200,"height":630,"url":"https:\/\/abcortopedi.se\/wp-content\/uploads\/2023\/11\/ABC_Ortopedi-Social_Share_Image-231128-COMP.webp","type":"image\/webp"}],"twitter_card":"summary_large_image","twitter_misc":{"Est. reading time":"1 minute"},"schema":{"@context":"https:\/\/schema.org","@graph":[{"@type":"WebPage","@id":"https:\/\/abcortopedi.se\/miljopolicy\/","url":"https:\/\/abcortopedi.se\/miljopolicy\/","name":"Milj\u00f6policy | ABC Ortopedi","isPartOf":{"@id":"https:\/\/abcortopedi.se\/#website"},"datePublished":"2025-09-02T11:49:52+00:00","dateModified":"2025-09-02T11:59:03+00:00","description":"ABC Ortopedi erbjuder en ortopedisk mottagning med h\u00f6g tillg\u00e4nglighet och snabbt omh\u00e4ndertagande av patienter och remittenter.","breadcrumb":{"@id":"https:\/\/abcortopedi.se\/miljopolicy\/#breadcrumb"},"inLanguage":"en-US","potentialAction":[{"@type":"ReadAction","target":["https:\/\/abcortopedi.se\/miljopolicy\/"]}]},{"@type":"BreadcrumbList","@id":"https:\/\/abcortopedi.se\/miljopolicy\/#breadcrumb","itemListElement":[{"@type":"ListItem","position":1,"name":"Hem","item":"https:\/\/abcortopedi.se\/"},{"@type":"ListItem","position":2,"name":"Milj\u00f6policy"}]},{"@type":"WebSite","@id":"https:\/\/abcortopedi.se\/#website","url":"https:\/\/abcortopedi.se\/","name":"ABC Ortopedi","description":"Snabb &amp; tillg\u00e4nglig ortopedi i STHLM","publisher":{"@id":"https:\/\/abcortopedi.se\/#organization"},"potentialAction":[{"@type":"SearchAction","target":{"@type":"EntryPoint","urlTemplate":"https:\/\/abcortopedi.se\/?s={search_term_string}"},"query-input":{"@type":"PropertyValueSpecification","valueRequired":true,"valueName":"search_term_string"}}],"inLanguage":"en-US"},{"@type":"Organization","@id":"https:\/\/abcortopedi.se\/#organization","name":"ABC Ortopedi","url":"https:\/\/abcortopedi.se\/","logo":{"@type":"ImageObject","inLanguage":"en-US","@id":"https:\/\/abcortopedi.se\/#\/schema\/logo\/image\/","url":"https:\/\/ml8nxwckgrp1.i.optimole.com\/cb:HjJt.4f9db\/w:400\/h:70\/q:mauto\/ig:avif\/f:best\/https:\/\/abcortopedi.se\/wp-content\/uploads\/2022\/01\/ABC_Ortopedi_logo-Header.png","contentUrl":"https:\/\/ml8nxwckgrp1.i.optimole.com\/cb:HjJt.4f9db\/w:400\/h:70\/q:mauto\/ig:avif\/f:best\/https:\/\/abcortopedi.se\/wp-content\/uploads\/2022\/01\/ABC_Ortopedi_logo-Header.png","width":400,"height":70,"caption":"ABC Ortopedi"},"image":{"@id":"https:\/\/abcortopedi.se\/#\/schema\/logo\/image\/"}}]}},"_links":{"self":[{"href":"https:\/\/abcortopedi.se\/en\/wp-json\/wp\/v2\/pages\/2538","targetHints":{"allow":["GET"]}}],"collection":[{"href":"https:\/\/abcortopedi.se\/en\/wp-json\/wp\/v2\/pages"}],"about":[{"href":"https:\/\/abcortopedi.se\/en\/wp-json\/wp\/v2\/types\/page"}],"author":[{"embeddable":true,"href":"https:\/\/abcortopedi.se\/en\/wp-json\/wp\/v2\/users\/1"}],"replies":[{"embeddable":true,"href":"https:\/\/abcortopedi.se\/en\/wp-json\/wp\/v2\/comments?post=2538"}],"version-history":[{"count":0,"href":"https:\/\/abcortopedi.se\/en\/wp-json\/wp\/v2\/pages\/2538\/revisions"}],"wp:attachment":[{"href":"https:\/\/abcortopedi.se\/en\/wp-json\/wp\/v2\/media?parent=2538"}],"curies":[{"name":"wp","href":"https:\/\/api.w.org\/{rel}","templated":true}]}}